{"id":55,"date":"2022-11-25T16:45:50","date_gmt":"2022-11-25T15:45:50","guid":{"rendered":"https:\/\/evasionperigourdine.fr\/?page_id=55"},"modified":"2022-11-30T15:40:15","modified_gmt":"2022-11-30T14:40:15","slug":"son-histoire","status":"publish","type":"page","link":"https:\/\/evasionperigourdine.fr\/index.php\/son-histoire\/","title":{"rendered":"Le Domaine"},"content":{"rendered":"\t\t<div data-elementor-type=\"wp-page\" data-elementor-id=\"55\" class=\"elementor elementor-55\">\n\t\t\t\t\t\t<section class=\"elementor-section elementor-top-section elementor-element elementor-element-0729484 elementor-section-full_width elementor-section-stretched elementor-section-height-default elementor-section-height-default wpr-particle-no wpr-jarallax-no wpr-parallax-no wpr-sticky-section-no\" data-id=\"0729484\" data-element_type=\"section\" data-e-type=\"section\" data-settings=\"{&quot;stretch_section&quot;:&quot;section-stretched&quot;}\">\n\t\t\t\t\t\t<div class=\"elementor-container elementor-column-gap-default\">\n\t\t\t\t\t<div class=\"elementor-column elementor-col-100 elementor-top-column elementor-element elementor-element-47527d1\" data-id=\"47527d1\" data-element_type=\"column\" data-e-type=\"column\">\n\t\t\t<div class=\"elementor-widget-wrap elementor-element-populated\">\n\t\t\t\t\t\t<div class=\"elementor-element elementor-element-cd75b40 wpr-hotspot-trigger-pro-hv wpr-hotspot-tooltip-position-top wpr-tooltip-effect-fade wpr-hotspot-icon-position-right elementor-widget elementor-widget-wpr-image-hotspots\" data-id=\"cd75b40\" data-element_type=\"widget\" data-e-type=\"widget\" data-widget_type=\"wpr-image-hotspots.default\">\n\t\t\t\t<div class=\"elementor-widget-container\">\n\t\t\t\t\t\n\t\t<div class=\"wpr-image-hotspots\" data-options=\"{&quot;tooltipTrigger&quot;:&quot;none&quot;}\">\n\t\t\t\n\t\t\t\t\t\t\t<div class=\"wpr-hotspot-image\">\n\t\t\t\t\t<img decoding=\"async\" src=\"https:\/\/i0.wp.com\/evasionperigourdine.fr\/wp-content\/uploads\/2022\/11\/WhatsApp-Image-2022-11-25-at-18.42.03.jpeg?fit=1600%2C720&#038;ssl=1\" >\n\t\t\t\t<\/div>\n\t\t\t\n\t\t\t<div class=\"wpr-hotspot-item-container\">\n\t\t\t\t\n\n\t\t\t\t\t\t\t\t\t\n\t\t\t\t\t\n\t\t\t\t\t<div class=\"wpr-hotspot-item elementor-repeater-item-1c10571 wpr-hotspot-anim-glow\">\n\n\t\t\t\t\t\t<div class=\"wpr-hotspot-content\">\n\t\t\t\t\t\t\t\n\t\t\t\t\t\t\t\t\t\t\t\t\t\t\t\t\t\t\t\t\t\t<i class=\"far fa-dot-circle\"><\/i>\n\t\t\t\t\t\t\t\n\t\t\t\t\t\t<\/div>\n\t\t\t\t\t\t\n\t\t\t\t\t\t\t\t\t\t\t\t\t<div class=\"wpr-hotspot-tooltip\"><p>Cuisine d'\u00e9t\u00e9<\/p><\/div>\t\t\t\t\t\t\n\t\t\t\t\t\t\t\n\n\t\t\t\t\t<\/div>\n\n\t\t\t\t\t\t\t\t\t\t\n\t\t\t\t\t\n\t\t\t\t\t<div class=\"wpr-hotspot-item elementor-repeater-item-8c32c09 wpr-hotspot-anim-glow\">\n\n\t\t\t\t\t\t<div class=\"wpr-hotspot-content\">\n\t\t\t\t\t\t\t\n\t\t\t\t\t\t\t\t\t\t\t\t\t\t\t\t\t\t\t\t\t\t<i class=\"far fa-dot-circle\"><\/i>\n\t\t\t\t\t\t\t\n\t\t\t\t\t\t<\/div>\n\t\t\t\t\t\t\n\t\t\t\t\t\t\t\t\t\t\t\t\t<div class=\"wpr-hotspot-tooltip\"><p>Piscine<\/p><\/div>\t\t\t\t\t\t\n\t\t\t\t\t\t\t\n\n\t\t\t\t\t<\/div>\n\n\t\t\t\t\t\n\t\t\t<\/div>\n\t\t\t\n\t\t<\/div>\n\n\t\t\t\t\t\t<\/div>\n\t\t\t\t<\/div>\n\t\t\t\t\t<\/div>\n\t\t<\/div>\n\t\t\t\t\t<\/div>\n\t\t<\/section>\n\t\t\t\t<section class=\"elementor-section elementor-top-section elementor-element elementor-element-93ac64e elementor-section-boxed elementor-section-height-default elementor-section-height-default wpr-particle-no wpr-jarallax-no wpr-parallax-no wpr-sticky-section-no\" data-id=\"93ac64e\" data-element_type=\"section\" data-e-type=\"section\">\n\t\t\t\t\t\t<div class=\"elementor-container elementor-column-gap-default\">\n\t\t\t\t\t<div class=\"elementor-column elementor-col-100 elementor-top-column elementor-element elementor-element-1bebc54\" data-id=\"1bebc54\" data-element_type=\"column\" data-e-type=\"column\">\n\t\t\t<div class=\"elementor-widget-wrap elementor-element-populated\">\n\t\t\t\t\t\t<div class=\"elementor-element elementor-element-a878f3b elementor-widget elementor-widget-spacer\" data-id=\"a878f3b\" data-element_type=\"widget\" data-e-type=\"widget\" data-widget_type=\"spacer.default\">\n\t\t\t\t<div class=\"elementor-widget-container\">\n\t\t\t\t\t\t\t<div class=\"elementor-spacer\">\n\t\t\t<div class=\"elementor-spacer-inner\"><\/div>\n\t\t<\/div>\n\t\t\t\t\t\t<\/div>\n\t\t\t\t<\/div>\n\t\t\t\t<div class=\"elementor-element elementor-element-8772e58 elementor-widget elementor-widget-heading\" data-id=\"8772e58\" data-element_type=\"widget\" data-e-type=\"widget\" data-widget_type=\"heading.default\">\n\t\t\t\t<div class=\"elementor-widget-container\">\n\t\t\t\t\t<h1 class=\"elementor-heading-title elementor-size-default\">L'Evasion P\u00e9rigourdine, ses b\u00e2tis, son Histoire<\/h1>\t\t\t\t<\/div>\n\t\t\t\t<\/div>\n\t\t\t\t<div class=\"elementor-element elementor-element-ff241c1 elementor-widget elementor-widget-text-editor\" data-id=\"ff241c1\" data-element_type=\"widget\" data-e-type=\"widget\" data-widget_type=\"text-editor.default\">\n\t\t\t\t<div class=\"elementor-widget-container\">\n\t\t\t\t\t\t\t\t\t<p>L&rsquo;\u00c9vasion P\u00e9rigourdine est le chef d&rsquo;\u0153uvre de la r\u00e9novation d&rsquo;un ancien corps de ferme du ??? si\u00e8cle compos\u00e9 \u00e0 cette \u00e9poque d&rsquo;une grange, d&rsquo;un s\u00e9choir \u00e0 tabac et d&rsquo;une maison traditionnelle. F\u00fbt un temps il aurait servi d&rsquo;atelier de tisserand.\u00a0<\/p><p>La r\u00e9novation de la ferme a d\u00e9but\u00e9e en 2016. Puis, en 2018 le Domaine a \u00e9t\u00e9 agrandi avec notamment la construction d&rsquo;une cuisine d&rsquo;\u00e9t\u00e9 et de la piscine.\u00a0<\/p><p>L&rsquo;Evasion P\u00e9rigourdine est donc une maison de caract\u00e8re qui met \u00e0 l&rsquo;honneur le patrimoine architectural local en y apportant sa touche de modernit\u00e9 pour un rendu harmonieux.\u00a0<\/p>\t\t\t\t\t\t\t\t<\/div>\n\t\t\t\t<\/div>\n\t\t\t\t\t<\/div>\n\t\t<\/div>\n\t\t\t\t\t<\/div>\n\t\t<\/section>\n\t\t\t\t<section class=\"elementor-section elementor-top-section elementor-element elementor-element-27eb9e9 elementor-section-boxed elementor-section-height-default elementor-section-height-default wpr-particle-no wpr-jarallax-no wpr-parallax-no wpr-sticky-section-no\" data-id=\"27eb9e9\" data-element_type=\"section\" data-e-type=\"section\">\n\t\t\t\t\t\t<div class=\"elementor-container elementor-column-gap-default\">\n\t\t\t\t\t<div class=\"elementor-column elementor-col-100 elementor-top-column elementor-element elementor-element-0517fc5\" data-id=\"0517fc5\" data-element_type=\"column\" data-e-type=\"column\">\n\t\t\t<div class=\"elementor-widget-wrap elementor-element-populated\">\n\t\t\t\t\t\t<div class=\"elementor-element elementor-element-334fe9a elementor-widget elementor-widget-image\" data-id=\"334fe9a\" data-element_type=\"widget\" data-e-type=\"widget\" data-widget_type=\"image.default\">\n\t\t\t\t<div class=\"elementor-widget-container\">\n\t\t\t\t\t\t\t\t\t\t\t\t\t\t\t<img fetchpriority=\"high\" decoding=\"async\" width=\"600\" height=\"401\" src=\"https:\/\/i0.wp.com\/evasionperigourdine.fr\/wp-content\/uploads\/2022\/11\/SALLE-PETIT-DEJEUNER1.jpg?fit=600%2C401&amp;ssl=1\" class=\"attachment-large size-large wp-image-168\" alt=\"\" srcset=\"https:\/\/i0.wp.com\/evasionperigourdine.fr\/wp-content\/uploads\/2022\/11\/SALLE-PETIT-DEJEUNER1.jpg?w=600&amp;ssl=1 600w, https:\/\/i0.wp.com\/evasionperigourdine.fr\/wp-content\/uploads\/2022\/11\/SALLE-PETIT-DEJEUNER1.jpg?resize=300%2C201&amp;ssl=1 300w\" sizes=\"100vw\" \/>\t\t\t\t\t\t\t\t\t\t\t\t\t\t\t<\/div>\n\t\t\t\t<\/div>\n\t\t\t\t\t<\/div>\n\t\t<\/div>\n\t\t\t\t\t<\/div>\n\t\t<\/section>\n\t\t\t\t<section class=\"elementor-section elementor-top-section elementor-element elementor-element-79e7c3e elementor-section-boxed elementor-section-height-default elementor-section-height-default wpr-particle-no wpr-jarallax-no wpr-parallax-no wpr-sticky-section-no\" data-id=\"79e7c3e\" data-element_type=\"section\" data-e-type=\"section\">\n\t\t\t\t\t\t<div class=\"elementor-container elementor-column-gap-default\">\n\t\t\t\t\t<div class=\"elementor-column elementor-col-100 elementor-top-column elementor-element elementor-element-3239152\" data-id=\"3239152\" data-element_type=\"column\" data-e-type=\"column\">\n\t\t\t<div class=\"elementor-widget-wrap elementor-element-populated\">\n\t\t\t\t\t\t<div class=\"elementor-element elementor-element-fbc6751 elementor-widget elementor-widget-heading\" data-id=\"fbc6751\" data-element_type=\"widget\" data-e-type=\"widget\" data-widget_type=\"heading.default\">\n\t\t\t\t<div class=\"elementor-widget-container\">\n\t\t\t\t\t<h2 class=\"elementor-heading-title elementor-size-default\">La pierre du Pays<\/h2>\t\t\t\t<\/div>\n\t\t\t\t<\/div>\n\t\t\t\t<div class=\"elementor-element elementor-element-72bf091 elementor-widget elementor-widget-text-editor\" data-id=\"72bf091\" data-element_type=\"widget\" data-e-type=\"widget\" data-widget_type=\"text-editor.default\">\n\t\t\t\t<div class=\"elementor-widget-container\">\n\t\t\t\t\t\t\t\t\t<p>La grange a \u00e9t\u00e9 transform\u00e9e en g\u00eete luxueux tout en conservant ses magnifiques vieilles pierres d&rsquo;origines, ocres et dor\u00e9es, vestiges du pass\u00e9 p\u00e9rigourdin. Au cours des si\u00e8cles, le sol a \u00e9t\u00e9 \u00e9pi\u00e9rr\u00e9 pour faciliter la culture dans les champs. Les pierres servaient ensuite \u00e0 cl\u00f4turer, \u00e9tager les cultures et construire des cabanes pour s&rsquo;y abriter et prot\u00e9ger b\u00eates et outils.<\/p>\t\t\t\t\t\t\t\t<\/div>\n\t\t\t\t<\/div>\n\t\t\t\t\t<\/div>\n\t\t<\/div>\n\t\t\t\t\t<\/div>\n\t\t<\/section>\n\t\t\t\t<section class=\"elementor-section elementor-top-section elementor-element elementor-element-0be2968 elementor-section-boxed elementor-section-height-default elementor-section-height-default wpr-particle-no wpr-jarallax-no wpr-parallax-no wpr-sticky-section-no\" data-id=\"0be2968\" data-element_type=\"section\" data-e-type=\"section\">\n\t\t\t\t\t\t<div class=\"elementor-container elementor-column-gap-default\">\n\t\t\t\t\t<div class=\"elementor-column elementor-col-100 elementor-top-column elementor-element elementor-element-39d0ea5\" data-id=\"39d0ea5\" data-element_type=\"column\" data-e-type=\"column\">\n\t\t\t<div class=\"elementor-widget-wrap elementor-element-populated\">\n\t\t\t\t\t\t<div class=\"elementor-element elementor-element-efd1404 elementor-widget elementor-widget-image\" data-id=\"efd1404\" data-element_type=\"widget\" data-e-type=\"widget\" data-widget_type=\"image.default\">\n\t\t\t\t<div class=\"elementor-widget-container\">\n\t\t\t\t\t\t\t\t\t\t\t\t\t\t\t<img decoding=\"async\" width=\"950\" height=\"475\" src=\"https:\/\/i0.wp.com\/evasionperigourdine.fr\/wp-content\/uploads\/2022\/11\/IMG-20220830-WA0005.jpg?fit=950%2C475&amp;ssl=1\" class=\"attachment-large size-large wp-image-176\" alt=\"\" srcset=\"https:\/\/i0.wp.com\/evasionperigourdine.fr\/wp-content\/uploads\/2022\/11\/IMG-20220830-WA0005.jpg?w=1824&amp;ssl=1 1824w, https:\/\/i0.wp.com\/evasionperigourdine.fr\/wp-content\/uploads\/2022\/11\/IMG-20220830-WA0005.jpg?resize=300%2C150&amp;ssl=1 300w, https:\/\/i0.wp.com\/evasionperigourdine.fr\/wp-content\/uploads\/2022\/11\/IMG-20220830-WA0005.jpg?resize=1024%2C512&amp;ssl=1 1024w, https:\/\/i0.wp.com\/evasionperigourdine.fr\/wp-content\/uploads\/2022\/11\/IMG-20220830-WA0005.jpg?resize=768%2C384&amp;ssl=1 768w, https:\/\/i0.wp.com\/evasionperigourdine.fr\/wp-content\/uploads\/2022\/11\/IMG-20220830-WA0005.jpg?resize=1536%2C768&amp;ssl=1 1536w, https:\/\/i0.wp.com\/evasionperigourdine.fr\/wp-content\/uploads\/2022\/11\/IMG-20220830-WA0005.jpg?resize=600%2C300&amp;ssl=1 600w\" sizes=\"100vw\" \/>\t\t\t\t\t\t\t\t\t\t\t\t\t\t\t<\/div>\n\t\t\t\t<\/div>\n\t\t\t\t\t<\/div>\n\t\t<\/div>\n\t\t\t\t\t<\/div>\n\t\t<\/section>\n\t\t\t\t<section class=\"elementor-section elementor-top-section elementor-element elementor-element-eb83527 elementor-section-boxed elementor-section-height-default elementor-section-height-default wpr-particle-no wpr-jarallax-no wpr-parallax-no wpr-sticky-section-no\" data-id=\"eb83527\" data-element_type=\"section\" data-e-type=\"section\">\n\t\t\t\t\t\t<div class=\"elementor-container elementor-column-gap-default\">\n\t\t\t\t\t<div class=\"elementor-column elementor-col-100 elementor-top-column elementor-element elementor-element-ebb2751\" data-id=\"ebb2751\" data-element_type=\"column\" data-e-type=\"column\">\n\t\t\t<div class=\"elementor-widget-wrap elementor-element-populated\">\n\t\t\t\t\t\t<div class=\"elementor-element elementor-element-2fc66be elementor-widget elementor-widget-heading\" data-id=\"2fc66be\" data-element_type=\"widget\" data-e-type=\"widget\" data-widget_type=\"heading.default\">\n\t\t\t\t<div class=\"elementor-widget-container\">\n\t\t\t\t\t<h2 class=\"elementor-heading-title elementor-size-default\">Le s\u00e9choir \u00e0 tabac<\/h2>\t\t\t\t<\/div>\n\t\t\t\t<\/div>\n\t\t\t\t<div class=\"elementor-element elementor-element-bf36dc3 elementor-widget elementor-widget-text-editor\" data-id=\"bf36dc3\" data-element_type=\"widget\" data-e-type=\"widget\" data-widget_type=\"text-editor.default\">\n\t\t\t\t<div class=\"elementor-widget-container\">\n\t\t\t\t\t\t\t\t\t<p>Le s\u00e9choir \u00e0 tabac quant \u00e0 lui a \u00e9t\u00e9 r\u00e9habilit\u00e9 en extension du g\u00eete en conservant son charme naturel ext\u00e9rieur.<\/p>\t\t\t\t\t\t\t\t<\/div>\n\t\t\t\t<\/div>\n\t\t\t\t\t<\/div>\n\t\t<\/div>\n\t\t\t\t\t<\/div>\n\t\t<\/section>\n\t\t\t\t<\/div>\n\t\t","protected":false},"excerpt":{"rendered":"<p>Cuisine d&rsquo;\u00e9t\u00e9 Piscine L&rsquo;Evasion P\u00e9rigourdine, ses b\u00e2tis, son Histoire L&rsquo;\u00c9vasion P\u00e9rigourdine est le chef d&rsquo;\u0153uvre de la r\u00e9novation d&rsquo;un ancien corps de ferme du ??? si\u00e8cle compos\u00e9 \u00e0 cette \u00e9poque d&rsquo;une grange, d&rsquo;un s\u00e9choir \u00e0 tabac et d&rsquo;une maison traditionnelle. F\u00fbt un temps il aurait servi d&rsquo;atelier de tisserand.\u00a0 La r\u00e9novation de la ferme a d\u00e9but\u00e9e en 2016. Puis, en 2018 le Domaine a \u00e9t\u00e9 agrandi avec notamment la construction d&rsquo;une cuisine d&rsquo;\u00e9t\u00e9 et de la piscine.\u00a0 L&rsquo;Evasion P\u00e9rigourdine est donc une maison de caract\u00e8re qui met \u00e0 l&rsquo;honneur le patrimoine architectural local en y apportant sa touche de modernit\u00e9 pour un rendu harmonieux.\u00a0 La pierre du Pays La grange a \u00e9t\u00e9 transform\u00e9e en g\u00eete luxueux tout en conservant ses magnifiques vieilles pierres d&rsquo;origines, ocres et dor\u00e9es, vestiges du pass\u00e9 p\u00e9rigourdin. Au cours des si\u00e8cles, le sol a \u00e9t\u00e9 \u00e9pi\u00e9rr\u00e9 pour faciliter la culture dans les champs. Les pierres servaient ensuite \u00e0 cl\u00f4turer, \u00e9tager les cultures et construire des cabanes pour s&rsquo;y abriter et prot\u00e9ger b\u00eates et outils. Le s\u00e9choir \u00e0 tabac Le s\u00e9choir \u00e0 tabac quant \u00e0 lui a \u00e9t\u00e9 r\u00e9habilit\u00e9 en extension du g\u00eete en conservant son charme naturel ext\u00e9rieur.<\/p>\n","protected":false},"author":2,"featured_media":0,"parent":0,"menu_order":0,"comment_status":"closed","ping_status":"closed","template":"page-templates\/full-width-transparent.php","meta":{"inspiro_hide_title":false,"footnotes":""},"class_list":["post-55","page","type-page","status-publish","hentry"],"yoast_head":"<!-- This site is optimized with the Yoast SEO plugin v21.8.1 - https:\/\/yoast.com\/wordpress\/plugins\/seo\/ -->\n<title>Le Domaine - L&#039;\u00c9vasion P\u00e9rigourdine<\/title>\n<meta name=\"robots\" content=\"index, follow, max-snippet:-1, max-image-preview:large, max-video-preview:-1\" \/>\n<link rel=\"canonical\" href=\"https:\/\/evasionperigourdine.fr\/index.php\/son-histoire\/\" \/>\n<meta property=\"og:locale\" content=\"fr_FR\" \/>\n<meta property=\"og:type\" content=\"article\" \/>\n<meta property=\"og:title\" content=\"Le Domaine - L&#039;\u00c9vasion P\u00e9rigourdine\" \/>\n<meta property=\"og:description\" content=\"Cuisine d&rsquo;\u00e9t\u00e9 Piscine L&rsquo;Evasion P\u00e9rigourdine, ses b\u00e2tis, son Histoire L&rsquo;\u00c9vasion P\u00e9rigourdine est le chef d&rsquo;\u0153uvre de la r\u00e9novation d&rsquo;un ancien corps de ferme du ??? si\u00e8cle compos\u00e9 \u00e0 cette \u00e9poque d&rsquo;une grange, d&rsquo;un s\u00e9choir \u00e0 tabac et d&rsquo;une maison traditionnelle. F\u00fbt un temps il aurait servi d&rsquo;atelier de tisserand.\u00a0 La r\u00e9novation de la ferme a d\u00e9but\u00e9e en 2016. Puis, en 2018 le Domaine a \u00e9t\u00e9 agrandi avec notamment la construction d&rsquo;une cuisine d&rsquo;\u00e9t\u00e9 et de la piscine.\u00a0 L&rsquo;Evasion P\u00e9rigourdine est donc une maison de caract\u00e8re qui met \u00e0 l&rsquo;honneur le patrimoine architectural local en y apportant sa touche de modernit\u00e9 pour un rendu harmonieux.\u00a0 La pierre du Pays La grange a \u00e9t\u00e9 transform\u00e9e en g\u00eete luxueux tout en conservant ses magnifiques vieilles pierres d&rsquo;origines, ocres et dor\u00e9es, vestiges du pass\u00e9 p\u00e9rigourdin. Au cours des si\u00e8cles, le sol a \u00e9t\u00e9 \u00e9pi\u00e9rr\u00e9 pour faciliter la culture dans les champs. Les pierres servaient ensuite \u00e0 cl\u00f4turer, \u00e9tager les cultures et construire des cabanes pour s&rsquo;y abriter et prot\u00e9ger b\u00eates et outils. Le s\u00e9choir \u00e0 tabac Le s\u00e9choir \u00e0 tabac quant \u00e0 lui a \u00e9t\u00e9 r\u00e9habilit\u00e9 en extension du g\u00eete en conservant son charme naturel ext\u00e9rieur.\" \/>\n<meta property=\"og:url\" content=\"https:\/\/evasionperigourdine.fr\/index.php\/son-histoire\/\" \/>\n<meta property=\"og:site_name\" content=\"L&#039;\u00c9vasion P\u00e9rigourdine\" \/>\n<meta property=\"article:modified_time\" content=\"2022-11-30T14:40:15+00:00\" \/>\n<meta property=\"og:image\" content=\"https:\/\/evasionperigourdine.fr\/wp-content\/uploads\/2022\/11\/WhatsApp-Image-2022-11-25-at-18.42.03.jpeg\" \/>\n<meta name=\"twitter:card\" content=\"summary_large_image\" \/>\n<meta name=\"twitter:label1\" content=\"Dur\u00e9e de lecture estim\u00e9e\" \/>\n\t<meta name=\"twitter:data1\" content=\"1 minute\" \/>\n<script type=\"application\/ld+json\" class=\"yoast-schema-graph\">{\"@context\":\"https:\/\/schema.org\",\"@graph\":[{\"@type\":\"WebPage\",\"@id\":\"https:\/\/evasionperigourdine.fr\/index.php\/son-histoire\/\",\"url\":\"https:\/\/evasionperigourdine.fr\/index.php\/son-histoire\/\",\"name\":\"Le Domaine - L&#039;\u00c9vasion P\u00e9rigourdine\",\"isPartOf\":{\"@id\":\"https:\/\/evasionperigourdine.fr\/#website\"},\"datePublished\":\"2022-11-25T15:45:50+00:00\",\"dateModified\":\"2022-11-30T14:40:15+00:00\",\"breadcrumb\":{\"@id\":\"https:\/\/evasionperigourdine.fr\/index.php\/son-histoire\/#breadcrumb\"},\"inLanguage\":\"fr-FR\",\"potentialAction\":[{\"@type\":\"ReadAction\",\"target\":[\"https:\/\/evasionperigourdine.fr\/index.php\/son-histoire\/\"]}]},{\"@type\":\"BreadcrumbList\",\"@id\":\"https:\/\/evasionperigourdine.fr\/index.php\/son-histoire\/#breadcrumb\",\"itemListElement\":[{\"@type\":\"ListItem\",\"position\":1,\"name\":\"Accueil\",\"item\":\"https:\/\/evasionperigourdine.fr\/\"},{\"@type\":\"ListItem\",\"position\":2,\"name\":\"Le Domaine\"}]},{\"@type\":\"WebSite\",\"@id\":\"https:\/\/evasionperigourdine.fr\/#website\",\"url\":\"https:\/\/evasionperigourdine.fr\/\",\"name\":\"L&#039;\u00c9vasion P\u00e9rigourdine\",\"description\":\"G\u00eete de groupe \u2013 Suites \u2013 Piscine \u2013 Spa &amp; Pool House\",\"publisher\":{\"@id\":\"https:\/\/evasionperigourdine.fr\/#organization\"},\"potentialAction\":[{\"@type\":\"SearchAction\",\"target\":{\"@type\":\"EntryPoint\",\"urlTemplate\":\"https:\/\/evasionperigourdine.fr\/?s={search_term_string}\"},\"query-input\":\"required name=search_term_string\"}],\"inLanguage\":\"fr-FR\"},{\"@type\":\"Organization\",\"@id\":\"https:\/\/evasionperigourdine.fr\/#organization\",\"name\":\"L&#039;\u00c9vasion P\u00e9rigourdine\",\"url\":\"https:\/\/evasionperigourdine.fr\/\",\"logo\":{\"@type\":\"ImageObject\",\"inLanguage\":\"fr-FR\",\"@id\":\"https:\/\/evasionperigourdine.fr\/#\/schema\/logo\/image\/\",\"url\":\"https:\/\/i0.wp.com\/evasionperigourdine.fr\/wp-content\/uploads\/2022\/11\/LEvasion-Perigourdine.png?fit=800%2C200&ssl=1\",\"contentUrl\":\"https:\/\/i0.wp.com\/evasionperigourdine.fr\/wp-content\/uploads\/2022\/11\/LEvasion-Perigourdine.png?fit=800%2C200&ssl=1\",\"width\":800,\"height\":200,\"caption\":\"L&#039;\u00c9vasion P\u00e9rigourdine\"},\"image\":{\"@id\":\"https:\/\/evasionperigourdine.fr\/#\/schema\/logo\/image\/\"}}]}<\/script>\n<!-- \/ Yoast SEO plugin. -->","yoast_head_json":{"title":"Le Domaine - L&#039;\u00c9vasion P\u00e9rigourdine","robots":{"index":"index","follow":"follow","max-snippet":"max-snippet:-1","max-image-preview":"max-image-preview:large","max-video-preview":"max-video-preview:-1"},"canonical":"https:\/\/evasionperigourdine.fr\/index.php\/son-histoire\/","og_locale":"fr_FR","og_type":"article","og_title":"Le Domaine - L&#039;\u00c9vasion P\u00e9rigourdine","og_description":"Cuisine d&rsquo;\u00e9t\u00e9 Piscine L&rsquo;Evasion P\u00e9rigourdine, ses b\u00e2tis, son Histoire L&rsquo;\u00c9vasion P\u00e9rigourdine est le chef d&rsquo;\u0153uvre de la r\u00e9novation d&rsquo;un ancien corps de ferme du ??? si\u00e8cle compos\u00e9 \u00e0 cette \u00e9poque d&rsquo;une grange, d&rsquo;un s\u00e9choir \u00e0 tabac et d&rsquo;une maison traditionnelle. F\u00fbt un temps il aurait servi d&rsquo;atelier de tisserand.\u00a0 La r\u00e9novation de la ferme a d\u00e9but\u00e9e en 2016. Puis, en 2018 le Domaine a \u00e9t\u00e9 agrandi avec notamment la construction d&rsquo;une cuisine d&rsquo;\u00e9t\u00e9 et de la piscine.\u00a0 L&rsquo;Evasion P\u00e9rigourdine est donc une maison de caract\u00e8re qui met \u00e0 l&rsquo;honneur le patrimoine architectural local en y apportant sa touche de modernit\u00e9 pour un rendu harmonieux.\u00a0 La pierre du Pays La grange a \u00e9t\u00e9 transform\u00e9e en g\u00eete luxueux tout en conservant ses magnifiques vieilles pierres d&rsquo;origines, ocres et dor\u00e9es, vestiges du pass\u00e9 p\u00e9rigourdin. Au cours des si\u00e8cles, le sol a \u00e9t\u00e9 \u00e9pi\u00e9rr\u00e9 pour faciliter la culture dans les champs. Les pierres servaient ensuite \u00e0 cl\u00f4turer, \u00e9tager les cultures et construire des cabanes pour s&rsquo;y abriter et prot\u00e9ger b\u00eates et outils. Le s\u00e9choir \u00e0 tabac Le s\u00e9choir \u00e0 tabac quant \u00e0 lui a \u00e9t\u00e9 r\u00e9habilit\u00e9 en extension du g\u00eete en conservant son charme naturel ext\u00e9rieur.","og_url":"https:\/\/evasionperigourdine.fr\/index.php\/son-histoire\/","og_site_name":"L&#039;\u00c9vasion P\u00e9rigourdine","article_modified_time":"2022-11-30T14:40:15+00:00","og_image":[{"url":"https:\/\/evasionperigourdine.fr\/wp-content\/uploads\/2022\/11\/WhatsApp-Image-2022-11-25-at-18.42.03.jpeg"}],"twitter_card":"summary_large_image","twitter_misc":{"Dur\u00e9e de lecture estim\u00e9e":"1 minute"},"schema":{"@context":"https:\/\/schema.org","@graph":[{"@type":"WebPage","@id":"https:\/\/evasionperigourdine.fr\/index.php\/son-histoire\/","url":"https:\/\/evasionperigourdine.fr\/index.php\/son-histoire\/","name":"Le Domaine - L&#039;\u00c9vasion P\u00e9rigourdine","isPartOf":{"@id":"https:\/\/evasionperigourdine.fr\/#website"},"datePublished":"2022-11-25T15:45:50+00:00","dateModified":"2022-11-30T14:40:15+00:00","breadcrumb":{"@id":"https:\/\/evasionperigourdine.fr\/index.php\/son-histoire\/#breadcrumb"},"inLanguage":"fr-FR","potentialAction":[{"@type":"ReadAction","target":["https:\/\/evasionperigourdine.fr\/index.php\/son-histoire\/"]}]},{"@type":"BreadcrumbList","@id":"https:\/\/evasionperigourdine.fr\/index.php\/son-histoire\/#breadcrumb","itemListElement":[{"@type":"ListItem","position":1,"name":"Accueil","item":"https:\/\/evasionperigourdine.fr\/"},{"@type":"ListItem","position":2,"name":"Le Domaine"}]},{"@type":"WebSite","@id":"https:\/\/evasionperigourdine.fr\/#website","url":"https:\/\/evasionperigourdine.fr\/","name":"L&#039;\u00c9vasion P\u00e9rigourdine","description":"G\u00eete de groupe \u2013 Suites \u2013 Piscine \u2013 Spa &amp; Pool House","publisher":{"@id":"https:\/\/evasionperigourdine.fr\/#organization"},"potentialAction":[{"@type":"SearchAction","target":{"@type":"EntryPoint","urlTemplate":"https:\/\/evasionperigourdine.fr\/?s={search_term_string}"},"query-input":"required name=search_term_string"}],"inLanguage":"fr-FR"},{"@type":"Organization","@id":"https:\/\/evasionperigourdine.fr\/#organization","name":"L&#039;\u00c9vasion P\u00e9rigourdine","url":"https:\/\/evasionperigourdine.fr\/","logo":{"@type":"ImageObject","inLanguage":"fr-FR","@id":"https:\/\/evasionperigourdine.fr\/#\/schema\/logo\/image\/","url":"https:\/\/i0.wp.com\/evasionperigourdine.fr\/wp-content\/uploads\/2022\/11\/LEvasion-Perigourdine.png?fit=800%2C200&ssl=1","contentUrl":"https:\/\/i0.wp.com\/evasionperigourdine.fr\/wp-content\/uploads\/2022\/11\/LEvasion-Perigourdine.png?fit=800%2C200&ssl=1","width":800,"height":200,"caption":"L&#039;\u00c9vasion P\u00e9rigourdine"},"image":{"@id":"https:\/\/evasionperigourdine.fr\/#\/schema\/logo\/image\/"}}]}},"jetpack_sharing_enabled":true,"_links":{"self":[{"href":"https:\/\/evasionperigourdine.fr\/index.php\/wp-json\/wp\/v2\/pages\/55","targetHints":{"allow":["GET"]}}],"collection":[{"href":"https:\/\/evasionperigourdine.fr\/index.php\/wp-json\/wp\/v2\/pages"}],"about":[{"href":"https:\/\/evasionperigourdine.fr\/index.php\/wp-json\/wp\/v2\/types\/page"}],"author":[{"embeddable":true,"href":"https:\/\/evasionperigourdine.fr\/index.php\/wp-json\/wp\/v2\/users\/2"}],"replies":[{"embeddable":true,"href":"https:\/\/evasionperigourdine.fr\/index.php\/wp-json\/wp\/v2\/comments?post=55"}],"version-history":[{"count":87,"href":"https:\/\/evasionperigourdine.fr\/index.php\/wp-json\/wp\/v2\/pages\/55\/revisions"}],"predecessor-version":[{"id":909,"href":"https:\/\/evasionperigourdine.fr\/index.php\/wp-json\/wp\/v2\/pages\/55\/revisions\/909"}],"wp:attachment":[{"href":"https:\/\/evasionperigourdine.fr\/index.php\/wp-json\/wp\/v2\/media?parent=55"}],"curies":[{"name":"wp","href":"https:\/\/api.w.org\/{rel}","templated":true}]}}