{"id":37,"date":"2022-11-17T13:46:23","date_gmt":"2022-11-17T12:46:23","guid":{"rendered":"http:\/\/evasionperigourdine.fr\/?page_id=37"},"modified":"2022-11-17T13:46:23","modified_gmt":"2022-11-17T12:46:23","slug":"reserver","status":"publish","type":"page","link":"https:\/\/evasionperigourdine.fr\/index.php\/reserver\/","title":{"rendered":"R\u00e9server"},"content":{"rendered":"","protected":false},"excerpt":{"rendered":"","protected":false},"author":2,"featured_media":0,"parent":0,"menu_order":0,"comment_status":"closed","ping_status":"closed","template":"","meta":{"inspiro_hide_title":false,"footnotes":""},"class_list":["post-37","page","type-page","status-publish","hentry"],"yoast_head":"<!-- This site is optimized with the Yoast SEO plugin v21.8.1 - https:\/\/yoast.com\/wordpress\/plugins\/seo\/ -->\n<title>R\u00e9server - L&#039;\u00c9vasion P\u00e9rigourdine<\/title>\n<meta name=\"robots\" content=\"index, follow, max-snippet:-1, max-image-preview:large, max-video-preview:-1\" \/>\n<link rel=\"canonical\" href=\"https:\/\/evasionperigourdine.fr\/index.php\/reserver\/\" \/>\n<meta property=\"og:locale\" content=\"fr_FR\" \/>\n<meta property=\"og:type\" content=\"article\" \/>\n<meta property=\"og:title\" content=\"R\u00e9server - L&#039;\u00c9vasion P\u00e9rigourdine\" \/>\n<meta property=\"og:url\" content=\"https:\/\/evasionperigourdine.fr\/index.php\/reserver\/\" \/>\n<meta property=\"og:site_name\" content=\"L&#039;\u00c9vasion P\u00e9rigourdine\" \/>\n<meta name=\"twitter:card\" content=\"summary_large_image\" \/>\n<script type=\"application\/ld+json\" class=\"yoast-schema-graph\">{\"@context\":\"https:\/\/schema.org\",\"@graph\":[{\"@type\":\"WebPage\",\"@id\":\"https:\/\/evasionperigourdine.fr\/index.php\/reserver\/\",\"url\":\"https:\/\/evasionperigourdine.fr\/index.php\/reserver\/\",\"name\":\"R\u00e9server - L&#039;\u00c9vasion P\u00e9rigourdine\",\"isPartOf\":{\"@id\":\"https:\/\/evasionperigourdine.fr\/#website\"},\"datePublished\":\"2022-11-17T12:46:23+00:00\",\"dateModified\":\"2022-11-17T12:46:23+00:00\",\"breadcrumb\":{\"@id\":\"https:\/\/evasionperigourdine.fr\/index.php\/reserver\/#breadcrumb\"},\"inLanguage\":\"fr-FR\",\"potentialAction\":[{\"@type\":\"ReadAction\",\"target\":[\"https:\/\/evasionperigourdine.fr\/index.php\/reserver\/\"]}]},{\"@type\":\"BreadcrumbList\",\"@id\":\"https:\/\/evasionperigourdine.fr\/index.php\/reserver\/#breadcrumb\",\"itemListElement\":[{\"@type\":\"ListItem\",\"position\":1,\"name\":\"Accueil\",\"item\":\"https:\/\/evasionperigourdine.fr\/\"},{\"@type\":\"ListItem\",\"position\":2,\"name\":\"R\u00e9server\"}]},{\"@type\":\"WebSite\",\"@id\":\"https:\/\/evasionperigourdine.fr\/#website\",\"url\":\"https:\/\/evasionperigourdine.fr\/\",\"name\":\"L&#039;\u00c9vasion P\u00e9rigourdine\",\"description\":\"G\u00eete de groupe \u2013 Suites \u2013 Piscine \u2013 Spa &amp; Pool House\",\"publisher\":{\"@id\":\"https:\/\/evasionperigourdine.fr\/#organization\"},\"potentialAction\":[{\"@type\":\"SearchAction\",\"target\":{\"@type\":\"EntryPoint\",\"urlTemplate\":\"https:\/\/evasionperigourdine.fr\/?s={search_term_string}\"},\"query-input\":\"required name=search_term_string\"}],\"inLanguage\":\"fr-FR\"},{\"@type\":\"Organization\",\"@id\":\"https:\/\/evasionperigourdine.fr\/#organization\",\"name\":\"L&#039;\u00c9vasion P\u00e9rigourdine\",\"url\":\"https:\/\/evasionperigourdine.fr\/\",\"logo\":{\"@type\":\"ImageObject\",\"inLanguage\":\"fr-FR\",\"@id\":\"https:\/\/evasionperigourdine.fr\/#\/schema\/logo\/image\/\",\"url\":\"https:\/\/i0.wp.com\/evasionperigourdine.fr\/wp-content\/uploads\/2022\/11\/LEvasion-Perigourdine.png?fit=800%2C200&ssl=1\",\"contentUrl\":\"https:\/\/i0.wp.com\/evasionperigourdine.fr\/wp-content\/uploads\/2022\/11\/LEvasion-Perigourdine.png?fit=800%2C200&ssl=1\",\"width\":800,\"height\":200,\"caption\":\"L&#039;\u00c9vasion P\u00e9rigourdine\"},\"image\":{\"@id\":\"https:\/\/evasionperigourdine.fr\/#\/schema\/logo\/image\/\"}}]}<\/script>\n<!-- \/ Yoast SEO plugin. -->","yoast_head_json":{"title":"R\u00e9server - L&#039;\u00c9vasion P\u00e9rigourdine","robots":{"index":"index","follow":"follow","max-snippet":"max-snippet:-1","max-image-preview":"max-image-preview:large","max-video-preview":"max-video-preview:-1"},"canonical":"https:\/\/evasionperigourdine.fr\/index.php\/reserver\/","og_locale":"fr_FR","og_type":"article","og_title":"R\u00e9server - L&#039;\u00c9vasion P\u00e9rigourdine","og_url":"https:\/\/evasionperigourdine.fr\/index.php\/reserver\/","og_site_name":"L&#039;\u00c9vasion P\u00e9rigourdine","twitter_card":"summary_large_image","schema":{"@context":"https:\/\/schema.org","@graph":[{"@type":"WebPage","@id":"https:\/\/evasionperigourdine.fr\/index.php\/reserver\/","url":"https:\/\/evasionperigourdine.fr\/index.php\/reserver\/","name":"R\u00e9server - L&#039;\u00c9vasion P\u00e9rigourdine","isPartOf":{"@id":"https:\/\/evasionperigourdine.fr\/#website"},"datePublished":"2022-11-17T12:46:23+00:00","dateModified":"2022-11-17T12:46:23+00:00","breadcrumb":{"@id":"https:\/\/evasionperigourdine.fr\/index.php\/reserver\/#breadcrumb"},"inLanguage":"fr-FR","potentialAction":[{"@type":"ReadAction","target":["https:\/\/evasionperigourdine.fr\/index.php\/reserver\/"]}]},{"@type":"BreadcrumbList","@id":"https:\/\/evasionperigourdine.fr\/index.php\/reserver\/#breadcrumb","itemListElement":[{"@type":"ListItem","position":1,"name":"Accueil","item":"https:\/\/evasionperigourdine.fr\/"},{"@type":"ListItem","position":2,"name":"R\u00e9server"}]},{"@type":"WebSite","@id":"https:\/\/evasionperigourdine.fr\/#website","url":"https:\/\/evasionperigourdine.fr\/","name":"L&#039;\u00c9vasion P\u00e9rigourdine","description":"G\u00eete de groupe \u2013 Suites \u2013 Piscine \u2013 Spa &amp; Pool House","publisher":{"@id":"https:\/\/evasionperigourdine.fr\/#organization"},"potentialAction":[{"@type":"SearchAction","target":{"@type":"EntryPoint","urlTemplate":"https:\/\/evasionperigourdine.fr\/?s={search_term_string}"},"query-input":"required name=search_term_string"}],"inLanguage":"fr-FR"},{"@type":"Organization","@id":"https:\/\/evasionperigourdine.fr\/#organization","name":"L&#039;\u00c9vasion P\u00e9rigourdine","url":"https:\/\/evasionperigourdine.fr\/","logo":{"@type":"ImageObject","inLanguage":"fr-FR","@id":"https:\/\/evasionperigourdine.fr\/#\/schema\/logo\/image\/","url":"https:\/\/i0.wp.com\/evasionperigourdine.fr\/wp-content\/uploads\/2022\/11\/LEvasion-Perigourdine.png?fit=800%2C200&ssl=1","contentUrl":"https:\/\/i0.wp.com\/evasionperigourdine.fr\/wp-content\/uploads\/2022\/11\/LEvasion-Perigourdine.png?fit=800%2C200&ssl=1","width":800,"height":200,"caption":"L&#039;\u00c9vasion P\u00e9rigourdine"},"image":{"@id":"https:\/\/evasionperigourdine.fr\/#\/schema\/logo\/image\/"}}]}},"jetpack_sharing_enabled":true,"_links":{"self":[{"href":"https:\/\/evasionperigourdine.fr\/index.php\/wp-json\/wp\/v2\/pages\/37","targetHints":{"allow":["GET"]}}],"collection":[{"href":"https:\/\/evasionperigourdine.fr\/index.php\/wp-json\/wp\/v2\/pages"}],"about":[{"href":"https:\/\/evasionperigourdine.fr\/index.php\/wp-json\/wp\/v2\/types\/page"}],"author":[{"embeddable":true,"href":"https:\/\/evasionperigourdine.fr\/index.php\/wp-json\/wp\/v2\/users\/2"}],"replies":[{"embeddable":true,"href":"https:\/\/evasionperigourdine.fr\/index.php\/wp-json\/wp\/v2\/comments?post=37"}],"version-history":[{"count":1,"href":"https:\/\/evasionperigourdine.fr\/index.php\/wp-json\/wp\/v2\/pages\/37\/revisions"}],"predecessor-version":[{"id":39,"href":"https:\/\/evasionperigourdine.fr\/index.php\/wp-json\/wp\/v2\/pages\/37\/revisions\/39"}],"wp:attachment":[{"href":"https:\/\/evasionperigourdine.fr\/index.php\/wp-json\/wp\/v2\/media?parent=37"}],"curies":[{"name":"wp","href":"https:\/\/api.w.org\/{rel}","templated":true}]}}