{"id":33,"date":"2022-11-17T11:17:58","date_gmt":"2022-11-17T10:17:58","guid":{"rendered":"http:\/\/evasionperigourdine.fr\/?page_id=33"},"modified":"2022-12-01T16:48:40","modified_gmt":"2022-12-01T15:48:40","slug":"nous-situer","status":"publish","type":"page","link":"https:\/\/evasionperigourdine.fr\/index.php\/nous-situer\/","title":{"rendered":"Nous contacter-situer &#038; Venir"},"content":{"rendered":"\t\t<div data-elementor-type=\"wp-page\" data-elementor-id=\"33\" class=\"elementor elementor-33\">\n\t\t\t\t\t\t<section class=\"elementor-section elementor-top-section elementor-element elementor-element-bc114fd elementor-section-boxed elementor-section-height-default elementor-section-height-default wpr-particle-no wpr-jarallax-no wpr-parallax-no wpr-sticky-section-no\" data-id=\"bc114fd\" data-element_type=\"section\" data-e-type=\"section\">\n\t\t\t\t\t\t<div class=\"elementor-container elementor-column-gap-default\">\n\t\t\t\t\t<div class=\"elementor-column elementor-col-100 elementor-top-column elementor-element elementor-element-501dbe2\" data-id=\"501dbe2\" data-element_type=\"column\" data-e-type=\"column\">\n\t\t\t<div class=\"elementor-widget-wrap elementor-element-populated\">\n\t\t\t\t\t\t<div class=\"elementor-element elementor-element-c295068 elementor-widget elementor-widget-image\" data-id=\"c295068\" data-element_type=\"widget\" data-e-type=\"widget\" data-widget_type=\"image.default\">\n\t\t\t\t<div class=\"elementor-widget-container\">\n\t\t\t\t\t\t\t\t\t\t\t\t\t\t\t<img data-recalc-dims=\"1\" decoding=\"async\" src=\"https:\/\/i0.wp.com\/evasionperigourdine.fr\/wp-content\/plugins\/elementor\/assets\/images\/placeholder.png?w=950&#038;ssl=1\" title=\"\" alt=\"\" loading=\"lazy\" \/>\t\t\t\t\t\t\t\t\t\t\t\t\t\t\t<\/div>\n\t\t\t\t<\/div>\n\t\t\t\t\t<\/div>\n\t\t<\/div>\n\t\t\t\t\t<\/div>\n\t\t<\/section>\n\t\t\t\t<section class=\"elementor-section elementor-top-section elementor-element elementor-element-23f6fe9 elementor-section-boxed elementor-section-height-default elementor-section-height-default wpr-particle-no wpr-jarallax-no wpr-parallax-no wpr-sticky-section-no\" data-id=\"23f6fe9\" data-element_type=\"section\" data-e-type=\"section\">\n\t\t\t\t\t\t<div class=\"elementor-container elementor-column-gap-default\">\n\t\t\t\t\t<div class=\"elementor-column elementor-col-100 elementor-top-column elementor-element elementor-element-5691243\" data-id=\"5691243\" data-element_type=\"column\" data-e-type=\"column\">\n\t\t\t<div class=\"elementor-widget-wrap elementor-element-populated\">\n\t\t\t\t\t\t<div class=\"elementor-element elementor-element-ffecd15 elementor-widget elementor-widget-heading\" data-id=\"ffecd15\" data-element_type=\"widget\" data-e-type=\"widget\" data-widget_type=\"heading.default\">\n\t\t\t\t<div class=\"elementor-widget-container\">\n\t\t\t\t\t<h2 class=\"elementor-heading-title elementor-size-default\">Nous contacter\n<\/h2>\t\t\t\t<\/div>\n\t\t\t\t<\/div>\n\t\t\t\t\t<\/div>\n\t\t<\/div>\n\t\t\t\t\t<\/div>\n\t\t<\/section>\n\t\t\t\t<section class=\"elementor-section elementor-top-section elementor-element elementor-element-85f1e57 elementor-section-boxed elementor-section-height-default elementor-section-height-default wpr-particle-no wpr-jarallax-no wpr-parallax-no wpr-sticky-section-no\" data-id=\"85f1e57\" data-element_type=\"section\" data-e-type=\"section\">\n\t\t\t\t\t\t<div class=\"elementor-container elementor-column-gap-default\">\n\t\t\t\t\t<div class=\"elementor-column elementor-col-100 elementor-top-column elementor-element elementor-element-695b7ee\" data-id=\"695b7ee\" data-element_type=\"column\" data-e-type=\"column\">\n\t\t\t<div class=\"elementor-widget-wrap elementor-element-populated\">\n\t\t\t\t\t\t<div class=\"elementor-element elementor-element-2d2cde1 elementor-widget elementor-widget-text-editor\" data-id=\"2d2cde1\" data-element_type=\"widget\" data-e-type=\"widget\" data-widget_type=\"text-editor.default\">\n\t\t\t\t<div class=\"elementor-widget-container\">\n\t\t\t\t\t\t\t\t\t<p>L&rsquo;\u00c9vasion P\u00e9rigourdine<br \/>Marie-Claire &amp; Alexandre<\/p>\t\t\t\t\t\t\t\t<\/div>\n\t\t\t\t<\/div>\n\t\t\t\t\t<\/div>\n\t\t<\/div>\n\t\t\t\t\t<\/div>\n\t\t<\/section>\n\t\t\t\t<section class=\"elementor-section elementor-top-section elementor-element elementor-element-c5584db elementor-section-boxed elementor-section-height-default elementor-section-height-default wpr-particle-no wpr-jarallax-no wpr-parallax-no wpr-sticky-section-no\" data-id=\"c5584db\" data-element_type=\"section\" data-e-type=\"section\">\n\t\t\t\t\t\t<div class=\"elementor-container elementor-column-gap-default\">\n\t\t\t\t\t<div class=\"elementor-column elementor-col-100 elementor-top-column elementor-element elementor-element-dc3597a\" data-id=\"dc3597a\" data-element_type=\"column\" data-e-type=\"column\">\n\t\t\t<div class=\"elementor-widget-wrap elementor-element-populated\">\n\t\t\t\t\t\t<div class=\"elementor-element elementor-element-1f7fa7a elementor-icon-list--layout-traditional elementor-list-item-link-full_width elementor-widget elementor-widget-icon-list\" data-id=\"1f7fa7a\" data-element_type=\"widget\" data-e-type=\"widget\" data-widget_type=\"icon-list.default\">\n\t\t\t\t<div class=\"elementor-widget-container\">\n\t\t\t\t\t\t\t<ul class=\"elementor-icon-list-items\">\n\t\t\t\t\t\t\t<li class=\"elementor-icon-list-item\">\n\t\t\t\t\t\t\t\t\t\t\t<span class=\"elementor-icon-list-icon\">\n\t\t\t\t\t\t\t<i aria-hidden=\"true\" class=\"fas fa-map-marker-alt\"><\/i>\t\t\t\t\t\t<\/span>\n\t\t\t\t\t\t\t\t\t\t<span class=\"elementor-icon-list-text\">Lieu dit La Rouvinie, 942 Route des Oiers 24370 Prats-de-Carlux, France<\/span>\n\t\t\t\t\t\t\t\t\t<\/li>\n\t\t\t\t\t\t\t\t<li class=\"elementor-icon-list-item\">\n\t\t\t\t\t\t\t\t\t\t\t<span class=\"elementor-icon-list-icon\">\n\t\t\t\t\t\t\t<i aria-hidden=\"true\" class=\"fas fa-times\"><\/i>\t\t\t\t\t\t<\/span>\n\t\t\t\t\t\t\t\t\t\t<span class=\"elementor-icon-list-text\">@ contact@evasionperigourdine.fr<\/span>\n\t\t\t\t\t\t\t\t\t<\/li>\n\t\t\t\t\t\t\t\t<li class=\"elementor-icon-list-item\">\n\t\t\t\t\t\t\t\t\t\t\t<span class=\"elementor-icon-list-icon\">\n\t\t\t\t\t\t\t<i aria-hidden=\"true\" class=\"fas fa-phone-alt\"><\/i>\t\t\t\t\t\t<\/span>\n\t\t\t\t\t\t\t\t\t\t<span class=\"elementor-icon-list-text\">+ 33 .... <\/span>\n\t\t\t\t\t\t\t\t\t<\/li>\n\t\t\t\t\t\t<\/ul>\n\t\t\t\t\t\t<\/div>\n\t\t\t\t<\/div>\n\t\t\t\t\t<\/div>\n\t\t<\/div>\n\t\t\t\t\t<\/div>\n\t\t<\/section>\n\t\t\t\t<section class=\"elementor-section elementor-top-section elementor-element elementor-element-9dfd026 elementor-section-boxed elementor-section-height-default elementor-section-height-default wpr-particle-no wpr-jarallax-no wpr-parallax-no wpr-sticky-section-no\" data-id=\"9dfd026\" data-element_type=\"section\" data-e-type=\"section\">\n\t\t\t\t\t\t<div class=\"elementor-container elementor-column-gap-default\">\n\t\t\t\t\t<div class=\"elementor-column elementor-col-100 elementor-top-column elementor-element elementor-element-d868873\" data-id=\"d868873\" data-element_type=\"column\" data-e-type=\"column\">\n\t\t\t<div class=\"elementor-widget-wrap elementor-element-populated\">\n\t\t\t\t\t\t<div class=\"elementor-element elementor-element-0ebaa65 elementor-widget elementor-widget-text-editor\" data-id=\"0ebaa65\" data-element_type=\"widget\" data-e-type=\"widget\" data-widget_type=\"text-editor.default\">\n\t\t\t\t<div class=\"elementor-widget-container\">\n\t\t\t\t\t\t\t\t\t<p>Une question ? N&rsquo;h\u00e9sitez pas \u00e0 nous \u00e9crire.<br \/><br \/>ICI METTRE LIEN Formulaire de contact<\/p>\t\t\t\t\t\t\t\t<\/div>\n\t\t\t\t<\/div>\n\t\t\t\t\t<\/div>\n\t\t<\/div>\n\t\t\t\t\t<\/div>\n\t\t<\/section>\n\t\t\t\t<section class=\"elementor-section elementor-top-section elementor-element elementor-element-e552ca8 elementor-section-boxed elementor-section-height-default elementor-section-height-default wpr-particle-no wpr-jarallax-no wpr-parallax-no wpr-sticky-section-no\" data-id=\"e552ca8\" data-element_type=\"section\" data-e-type=\"section\">\n\t\t\t\t\t\t<div class=\"elementor-container elementor-column-gap-default\">\n\t\t\t\t\t<div class=\"elementor-column elementor-col-100 elementor-top-column elementor-element elementor-element-e573d46\" data-id=\"e573d46\" data-element_type=\"column\" data-e-type=\"column\">\n\t\t\t<div class=\"elementor-widget-wrap elementor-element-populated\">\n\t\t\t\t\t\t<div class=\"elementor-element elementor-element-8cf1305 elementor-widget elementor-widget-heading\" data-id=\"8cf1305\" data-element_type=\"widget\" data-e-type=\"widget\" data-widget_type=\"heading.default\">\n\t\t\t\t<div class=\"elementor-widget-container\">\n\t\t\t\t\t<h2 class=\"elementor-heading-title elementor-size-default\">Nous situer<\/h2>\t\t\t\t<\/div>\n\t\t\t\t<\/div>\n\t\t\t\t\t<\/div>\n\t\t<\/div>\n\t\t\t\t\t<\/div>\n\t\t<\/section>\n\t\t\t\t<section class=\"elementor-section elementor-top-section elementor-element elementor-element-ed013aa elementor-section-boxed elementor-section-height-default elementor-section-height-default wpr-particle-no wpr-jarallax-no wpr-parallax-no wpr-sticky-section-no\" data-id=\"ed013aa\" data-element_type=\"section\" data-e-type=\"section\">\n\t\t\t\t\t\t<div class=\"elementor-container elementor-column-gap-default\">\n\t\t\t\t\t<div class=\"elementor-column elementor-col-100 elementor-top-column elementor-element elementor-element-59eb0a4\" data-id=\"59eb0a4\" data-element_type=\"column\" data-e-type=\"column\">\n\t\t\t<div class=\"elementor-widget-wrap elementor-element-populated\">\n\t\t\t\t\t\t<div class=\"elementor-element elementor-element-17535cd elementor-widget elementor-widget-text-editor\" data-id=\"17535cd\" data-element_type=\"widget\" data-e-type=\"widget\" data-widget_type=\"text-editor.default\">\n\t\t\t\t<div class=\"elementor-widget-container\">\n\t\t\t\t\t\t\t\t\t<p>ICI METTRE CARTE GOOGLE MAPS<\/p>\t\t\t\t\t\t\t\t<\/div>\n\t\t\t\t<\/div>\n\t\t\t\t\t<\/div>\n\t\t<\/div>\n\t\t\t\t\t<\/div>\n\t\t<\/section>\n\t\t\t\t<section class=\"elementor-section elementor-top-section elementor-element elementor-element-3ea0eff elementor-section-boxed elementor-section-height-default elementor-section-height-default wpr-particle-no wpr-jarallax-no wpr-parallax-no wpr-sticky-section-no\" data-id=\"3ea0eff\" data-element_type=\"section\" data-e-type=\"section\">\n\t\t\t\t\t\t<div class=\"elementor-container elementor-column-gap-default\">\n\t\t\t\t\t<div class=\"elementor-column elementor-col-100 elementor-top-column elementor-element elementor-element-17cacff\" data-id=\"17cacff\" data-element_type=\"column\" data-e-type=\"column\">\n\t\t\t<div class=\"elementor-widget-wrap elementor-element-populated\">\n\t\t\t\t\t\t<div class=\"elementor-element elementor-element-50721a3 elementor-widget elementor-widget-heading\" data-id=\"50721a3\" data-element_type=\"widget\" data-e-type=\"widget\" data-widget_type=\"heading.default\">\n\t\t\t\t<div class=\"elementor-widget-container\">\n\t\t\t\t\t<h2 class=\"elementor-heading-title elementor-size-default\">Venir<\/h2>\t\t\t\t<\/div>\n\t\t\t\t<\/div>\n\t\t\t\t\t<\/div>\n\t\t<\/div>\n\t\t\t\t\t<\/div>\n\t\t<\/section>\n\t\t\t\t<section class=\"elementor-section elementor-top-section elementor-element elementor-element-73efef8 elementor-section-boxed elementor-section-height-default elementor-section-height-default wpr-particle-no wpr-jarallax-no wpr-parallax-no wpr-sticky-section-no\" data-id=\"73efef8\" data-element_type=\"section\" data-e-type=\"section\">\n\t\t\t\t\t\t<div class=\"elementor-container elementor-column-gap-default\">\n\t\t\t\t\t<div class=\"elementor-column elementor-col-100 elementor-top-column elementor-element elementor-element-fc5bb1d\" data-id=\"fc5bb1d\" data-element_type=\"column\" data-e-type=\"column\">\n\t\t\t<div class=\"elementor-widget-wrap elementor-element-populated\">\n\t\t\t\t\t\t<div class=\"elementor-element elementor-element-2dea7b4 elementor-widget elementor-widget-text-editor\" data-id=\"2dea7b4\" data-element_type=\"widget\" data-e-type=\"widget\" data-widget_type=\"text-editor.default\">\n\t\t\t\t<div class=\"elementor-widget-container\">\n\t\t\t\t\t\t\t\t\t<p>Logo voiture : <span style=\"text-decoration: underline;\">Par la route<\/span><br \/>Depuis<br \/>\u2022 Paris (5h45 ou 530 kms)<br \/>\u2022 Bordeaux (2h30 ou 210 kms)<br \/>\u2022 Lyon (4h20 ou 410 kms)<br \/>\u2022 Toulouse (2h15 ou 190 kms)<br \/>\u2022 Marseille (6h ou 590 kms via Toulouse)<br \/>\u2022 Rennes (6h30 ou 630 kms)<br \/><br \/>Logo avion <span style=\"text-decoration: underline;\">Par avion<\/span><br \/>A\u00e9roport de Bergerac-Dordogne-P\u00e9rigord (\u00e0 1h30 en voiture)<br \/>\u2022 Toute l&rsquo;ann\u00e9e depuis depuis Londres-Stansted (1h40) et Porto (1h40)<br \/>\u2022 A partir de la belle-saison, r\u00e9guli\u00e8rement, depuis Birmingham, Bournemouth, Bristol, East Midlands, Leeds Bradfords, Liverpool, Londres city, Manchester, Southampton mais aussi Bruxelles-Charleroi et Rotterdam<br \/><br \/>A\u00e9roport de Brive-Vall\u00e9e de la Dordogne (\u00e0 40 min en voiture)<br \/>\u2022 Toute l&rsquo;ann\u00e9e depuis Paris-Orly (1h10), depuis Porto (1h45)<br \/>\u2022 A partir de la belle-saison, r\u00e9guli\u00e8rement, depuis Londres-Stansted, Bruxelles-Charleroi, Ajaccio et Nice<br \/><br \/>Logo train: <span style=\"text-decoration: underline;\">Par train<\/span><br \/>Gare de Sarlat (\u00e0 13 min en voiture) depuis Bordeaux (direct, 2h30)<br \/><br \/>Gare de Souillac (\u00e0 25 min en voiture) depuis Paris-Austerlitz par Brive-la- Gaillarde (direct, 5h) ou Depuis Toulouse-Matabiau (direct, 2h)<\/p>\t\t\t\t\t\t\t\t<\/div>\n\t\t\t\t<\/div>\n\t\t\t\t\t<\/div>\n\t\t<\/div>\n\t\t\t\t\t<\/div>\n\t\t<\/section>\n\t\t\t\t<\/div>\n\t\t","protected":false},"excerpt":{"rendered":"<p>Nous contacter L&rsquo;\u00c9vasion P\u00e9rigourdine Marie-Claire &amp; Alexandre Lieu dit La Rouvinie, 942 Route des Oiers 24370 Prats-de-Carlux, France @ contact@evasionperigourdine.fr + 33 &#8230;. Une question ? N&rsquo;h\u00e9sitez pas \u00e0 nous \u00e9crire. ICI METTRE LIEN Formulaire de contact Nous situer ICI METTRE CARTE GOOGLE MAPS Venir Logo voiture : Par la route Depuis \u2022 Paris (5h45 ou 530 kms) \u2022 Bordeaux (2h30 ou 210 kms) \u2022 Lyon (4h20 ou 410 kms) \u2022 Toulouse (2h15 ou 190 kms) \u2022 Marseille (6h ou 590 kms via Toulouse) \u2022 Rennes (6h30 ou 630 kms) Logo avion Par avion A\u00e9roport de Bergerac-Dordogne-P\u00e9rigord (\u00e0 1h30 en voiture) \u2022 Toute l&rsquo;ann\u00e9e depuis depuis Londres-Stansted (1h40) et Porto (1h40) \u2022 A partir de la belle-saison, r\u00e9guli\u00e8rement, depuis Birmingham, Bournemouth, Bristol, East Midlands, Leeds Bradfords, Liverpool, Londres city, Manchester, Southampton mais aussi Bruxelles-Charleroi et Rotterdam A\u00e9roport de Brive-Vall\u00e9e de la Dordogne (\u00e0 40 min en voiture) \u2022 Toute l&rsquo;ann\u00e9e depuis Paris-Orly (1h10), depuis Porto (1h45) \u2022 A partir de la belle-saison, r\u00e9guli\u00e8rement, depuis Londres-Stansted, Bruxelles-Charleroi, Ajaccio et Nice Logo train: Par train Gare de Sarlat (\u00e0 13 min en voiture) depuis Bordeaux (direct, 2h30) Gare de Souillac (\u00e0 25 min en voiture) depuis Paris-Austerlitz par Brive-la- Gaillarde (direct, 5h) ou Depuis Toulouse-Matabiau (direct, 2h)<\/p>\n","protected":false},"author":2,"featured_media":0,"parent":0,"menu_order":0,"comment_status":"closed","ping_status":"closed","template":"","meta":{"inspiro_hide_title":false,"footnotes":""},"class_list":["post-33","page","type-page","status-publish","hentry"],"yoast_head":"<!-- This site is optimized with the Yoast SEO plugin v21.8.1 - https:\/\/yoast.com\/wordpress\/plugins\/seo\/ -->\n<title>Nous contacter-situer &amp; Venir - L&#039;\u00c9vasion P\u00e9rigourdine<\/title>\n<meta name=\"robots\" content=\"index, follow, max-snippet:-1, max-image-preview:large, max-video-preview:-1\" \/>\n<link rel=\"canonical\" href=\"https:\/\/evasionperigourdine.fr\/index.php\/nous-situer\/\" \/>\n<meta property=\"og:locale\" content=\"fr_FR\" \/>\n<meta property=\"og:type\" content=\"article\" \/>\n<meta property=\"og:title\" content=\"Nous contacter-situer &amp; Venir - L&#039;\u00c9vasion P\u00e9rigourdine\" \/>\n<meta property=\"og:description\" content=\"Nous contacter L&rsquo;\u00c9vasion P\u00e9rigourdine Marie-Claire &amp; Alexandre Lieu dit La Rouvinie, 942 Route des Oiers 24370 Prats-de-Carlux, France @ contact@evasionperigourdine.fr + 33 &#8230;. Une question ? N&rsquo;h\u00e9sitez pas \u00e0 nous \u00e9crire. ICI METTRE LIEN Formulaire de contact Nous situer ICI METTRE CARTE GOOGLE MAPS Venir Logo voiture : Par la route Depuis \u2022 Paris (5h45 ou 530 kms) \u2022 Bordeaux (2h30 ou 210 kms) \u2022 Lyon (4h20 ou 410 kms) \u2022 Toulouse (2h15 ou 190 kms) \u2022 Marseille (6h ou 590 kms via Toulouse) \u2022 Rennes (6h30 ou 630 kms) Logo avion Par avion A\u00e9roport de Bergerac-Dordogne-P\u00e9rigord (\u00e0 1h30 en voiture) \u2022 Toute l&rsquo;ann\u00e9e depuis depuis Londres-Stansted (1h40) et Porto (1h40) \u2022 A partir de la belle-saison, r\u00e9guli\u00e8rement, depuis Birmingham, Bournemouth, Bristol, East Midlands, Leeds Bradfords, Liverpool, Londres city, Manchester, Southampton mais aussi Bruxelles-Charleroi et Rotterdam A\u00e9roport de Brive-Vall\u00e9e de la Dordogne (\u00e0 40 min en voiture) \u2022 Toute l&rsquo;ann\u00e9e depuis Paris-Orly (1h10), depuis Porto (1h45) \u2022 A partir de la belle-saison, r\u00e9guli\u00e8rement, depuis Londres-Stansted, Bruxelles-Charleroi, Ajaccio et Nice Logo train: Par train Gare de Sarlat (\u00e0 13 min en voiture) depuis Bordeaux (direct, 2h30) Gare de Souillac (\u00e0 25 min en voiture) depuis Paris-Austerlitz par Brive-la- Gaillarde (direct, 5h) ou Depuis Toulouse-Matabiau (direct, 2h)\" \/>\n<meta property=\"og:url\" content=\"https:\/\/evasionperigourdine.fr\/index.php\/nous-situer\/\" \/>\n<meta property=\"og:site_name\" content=\"L&#039;\u00c9vasion P\u00e9rigourdine\" \/>\n<meta property=\"article:modified_time\" content=\"2022-12-01T15:48:40+00:00\" \/>\n<meta property=\"og:image\" content=\"https:\/\/evasionperigourdine.fr\/wp-content\/plugins\/elementor\/assets\/images\/placeholder.png\" \/>\n<meta name=\"twitter:card\" content=\"summary_large_image\" \/>\n<meta name=\"twitter:label1\" content=\"Dur\u00e9e de lecture estim\u00e9e\" \/>\n\t<meta name=\"twitter:data1\" content=\"1 minute\" \/>\n<script type=\"application\/ld+json\" class=\"yoast-schema-graph\">{\"@context\":\"https:\/\/schema.org\",\"@graph\":[{\"@type\":\"WebPage\",\"@id\":\"https:\/\/evasionperigourdine.fr\/index.php\/nous-situer\/\",\"url\":\"https:\/\/evasionperigourdine.fr\/index.php\/nous-situer\/\",\"name\":\"Nous contacter-situer & Venir - L&#039;\u00c9vasion P\u00e9rigourdine\",\"isPartOf\":{\"@id\":\"https:\/\/evasionperigourdine.fr\/#website\"},\"datePublished\":\"2022-11-17T10:17:58+00:00\",\"dateModified\":\"2022-12-01T15:48:40+00:00\",\"breadcrumb\":{\"@id\":\"https:\/\/evasionperigourdine.fr\/index.php\/nous-situer\/#breadcrumb\"},\"inLanguage\":\"fr-FR\",\"potentialAction\":[{\"@type\":\"ReadAction\",\"target\":[\"https:\/\/evasionperigourdine.fr\/index.php\/nous-situer\/\"]}]},{\"@type\":\"BreadcrumbList\",\"@id\":\"https:\/\/evasionperigourdine.fr\/index.php\/nous-situer\/#breadcrumb\",\"itemListElement\":[{\"@type\":\"ListItem\",\"position\":1,\"name\":\"Accueil\",\"item\":\"https:\/\/evasionperigourdine.fr\/\"},{\"@type\":\"ListItem\",\"position\":2,\"name\":\"Nous contacter-situer &#038; Venir\"}]},{\"@type\":\"WebSite\",\"@id\":\"https:\/\/evasionperigourdine.fr\/#website\",\"url\":\"https:\/\/evasionperigourdine.fr\/\",\"name\":\"L&#039;\u00c9vasion P\u00e9rigourdine\",\"description\":\"G\u00eete de groupe \u2013 Suites \u2013 Piscine \u2013 Spa &amp; Pool House\",\"publisher\":{\"@id\":\"https:\/\/evasionperigourdine.fr\/#organization\"},\"potentialAction\":[{\"@type\":\"SearchAction\",\"target\":{\"@type\":\"EntryPoint\",\"urlTemplate\":\"https:\/\/evasionperigourdine.fr\/?s={search_term_string}\"},\"query-input\":\"required name=search_term_string\"}],\"inLanguage\":\"fr-FR\"},{\"@type\":\"Organization\",\"@id\":\"https:\/\/evasionperigourdine.fr\/#organization\",\"name\":\"L&#039;\u00c9vasion P\u00e9rigourdine\",\"url\":\"https:\/\/evasionperigourdine.fr\/\",\"logo\":{\"@type\":\"ImageObject\",\"inLanguage\":\"fr-FR\",\"@id\":\"https:\/\/evasionperigourdine.fr\/#\/schema\/logo\/image\/\",\"url\":\"https:\/\/i0.wp.com\/evasionperigourdine.fr\/wp-content\/uploads\/2022\/11\/LEvasion-Perigourdine.png?fit=800%2C200&ssl=1\",\"contentUrl\":\"https:\/\/i0.wp.com\/evasionperigourdine.fr\/wp-content\/uploads\/2022\/11\/LEvasion-Perigourdine.png?fit=800%2C200&ssl=1\",\"width\":800,\"height\":200,\"caption\":\"L&#039;\u00c9vasion P\u00e9rigourdine\"},\"image\":{\"@id\":\"https:\/\/evasionperigourdine.fr\/#\/schema\/logo\/image\/\"}}]}<\/script>\n<!-- \/ Yoast SEO plugin. -->","yoast_head_json":{"title":"Nous contacter-situer & Venir - L&#039;\u00c9vasion P\u00e9rigourdine","robots":{"index":"index","follow":"follow","max-snippet":"max-snippet:-1","max-image-preview":"max-image-preview:large","max-video-preview":"max-video-preview:-1"},"canonical":"https:\/\/evasionperigourdine.fr\/index.php\/nous-situer\/","og_locale":"fr_FR","og_type":"article","og_title":"Nous contacter-situer & Venir - L&#039;\u00c9vasion P\u00e9rigourdine","og_description":"Nous contacter L&rsquo;\u00c9vasion P\u00e9rigourdine Marie-Claire &amp; Alexandre Lieu dit La Rouvinie, 942 Route des Oiers 24370 Prats-de-Carlux, France @ contact@evasionperigourdine.fr + 33 &#8230;. Une question ? N&rsquo;h\u00e9sitez pas \u00e0 nous \u00e9crire. ICI METTRE LIEN Formulaire de contact Nous situer ICI METTRE CARTE GOOGLE MAPS Venir Logo voiture : Par la route Depuis \u2022 Paris (5h45 ou 530 kms) \u2022 Bordeaux (2h30 ou 210 kms) \u2022 Lyon (4h20 ou 410 kms) \u2022 Toulouse (2h15 ou 190 kms) \u2022 Marseille (6h ou 590 kms via Toulouse) \u2022 Rennes (6h30 ou 630 kms) Logo avion Par avion A\u00e9roport de Bergerac-Dordogne-P\u00e9rigord (\u00e0 1h30 en voiture) \u2022 Toute l&rsquo;ann\u00e9e depuis depuis Londres-Stansted (1h40) et Porto (1h40) \u2022 A partir de la belle-saison, r\u00e9guli\u00e8rement, depuis Birmingham, Bournemouth, Bristol, East Midlands, Leeds Bradfords, Liverpool, Londres city, Manchester, Southampton mais aussi Bruxelles-Charleroi et Rotterdam A\u00e9roport de Brive-Vall\u00e9e de la Dordogne (\u00e0 40 min en voiture) \u2022 Toute l&rsquo;ann\u00e9e depuis Paris-Orly (1h10), depuis Porto (1h45) \u2022 A partir de la belle-saison, r\u00e9guli\u00e8rement, depuis Londres-Stansted, Bruxelles-Charleroi, Ajaccio et Nice Logo train: Par train Gare de Sarlat (\u00e0 13 min en voiture) depuis Bordeaux (direct, 2h30) Gare de Souillac (\u00e0 25 min en voiture) depuis Paris-Austerlitz par Brive-la- Gaillarde (direct, 5h) ou Depuis Toulouse-Matabiau (direct, 2h)","og_url":"https:\/\/evasionperigourdine.fr\/index.php\/nous-situer\/","og_site_name":"L&#039;\u00c9vasion P\u00e9rigourdine","article_modified_time":"2022-12-01T15:48:40+00:00","og_image":[{"url":"https:\/\/evasionperigourdine.fr\/wp-content\/plugins\/elementor\/assets\/images\/placeholder.png"}],"twitter_card":"summary_large_image","twitter_misc":{"Dur\u00e9e de lecture estim\u00e9e":"1 minute"},"schema":{"@context":"https:\/\/schema.org","@graph":[{"@type":"WebPage","@id":"https:\/\/evasionperigourdine.fr\/index.php\/nous-situer\/","url":"https:\/\/evasionperigourdine.fr\/index.php\/nous-situer\/","name":"Nous contacter-situer & Venir - L&#039;\u00c9vasion P\u00e9rigourdine","isPartOf":{"@id":"https:\/\/evasionperigourdine.fr\/#website"},"datePublished":"2022-11-17T10:17:58+00:00","dateModified":"2022-12-01T15:48:40+00:00","breadcrumb":{"@id":"https:\/\/evasionperigourdine.fr\/index.php\/nous-situer\/#breadcrumb"},"inLanguage":"fr-FR","potentialAction":[{"@type":"ReadAction","target":["https:\/\/evasionperigourdine.fr\/index.php\/nous-situer\/"]}]},{"@type":"BreadcrumbList","@id":"https:\/\/evasionperigourdine.fr\/index.php\/nous-situer\/#breadcrumb","itemListElement":[{"@type":"ListItem","position":1,"name":"Accueil","item":"https:\/\/evasionperigourdine.fr\/"},{"@type":"ListItem","position":2,"name":"Nous contacter-situer &#038; Venir"}]},{"@type":"WebSite","@id":"https:\/\/evasionperigourdine.fr\/#website","url":"https:\/\/evasionperigourdine.fr\/","name":"L&#039;\u00c9vasion P\u00e9rigourdine","description":"G\u00eete de groupe \u2013 Suites \u2013 Piscine \u2013 Spa &amp; Pool House","publisher":{"@id":"https:\/\/evasionperigourdine.fr\/#organization"},"potentialAction":[{"@type":"SearchAction","target":{"@type":"EntryPoint","urlTemplate":"https:\/\/evasionperigourdine.fr\/?s={search_term_string}"},"query-input":"required name=search_term_string"}],"inLanguage":"fr-FR"},{"@type":"Organization","@id":"https:\/\/evasionperigourdine.fr\/#organization","name":"L&#039;\u00c9vasion P\u00e9rigourdine","url":"https:\/\/evasionperigourdine.fr\/","logo":{"@type":"ImageObject","inLanguage":"fr-FR","@id":"https:\/\/evasionperigourdine.fr\/#\/schema\/logo\/image\/","url":"https:\/\/i0.wp.com\/evasionperigourdine.fr\/wp-content\/uploads\/2022\/11\/LEvasion-Perigourdine.png?fit=800%2C200&ssl=1","contentUrl":"https:\/\/i0.wp.com\/evasionperigourdine.fr\/wp-content\/uploads\/2022\/11\/LEvasion-Perigourdine.png?fit=800%2C200&ssl=1","width":800,"height":200,"caption":"L&#039;\u00c9vasion P\u00e9rigourdine"},"image":{"@id":"https:\/\/evasionperigourdine.fr\/#\/schema\/logo\/image\/"}}]}},"jetpack_sharing_enabled":true,"_links":{"self":[{"href":"https:\/\/evasionperigourdine.fr\/index.php\/wp-json\/wp\/v2\/pages\/33","targetHints":{"allow":["GET"]}}],"collection":[{"href":"https:\/\/evasionperigourdine.fr\/index.php\/wp-json\/wp\/v2\/pages"}],"about":[{"href":"https:\/\/evasionperigourdine.fr\/index.php\/wp-json\/wp\/v2\/types\/page"}],"author":[{"embeddable":true,"href":"https:\/\/evasionperigourdine.fr\/index.php\/wp-json\/wp\/v2\/users\/2"}],"replies":[{"embeddable":true,"href":"https:\/\/evasionperigourdine.fr\/index.php\/wp-json\/wp\/v2\/comments?post=33"}],"version-history":[{"count":28,"href":"https:\/\/evasionperigourdine.fr\/index.php\/wp-json\/wp\/v2\/pages\/33\/revisions"}],"predecessor-version":[{"id":1043,"href":"https:\/\/evasionperigourdine.fr\/index.php\/wp-json\/wp\/v2\/pages\/33\/revisions\/1043"}],"wp:attachment":[{"href":"https:\/\/evasionperigourdine.fr\/index.php\/wp-json\/wp\/v2\/media?parent=33"}],"curies":[{"name":"wp","href":"https:\/\/api.w.org\/{rel}","templated":true}]}}