{"id":2,"date":"2022-11-07T09:59:27","date_gmt":"2022-11-07T08:59:27","guid":{"rendered":"http:\/\/evasionperigourdine.fr\/?page_id=2"},"modified":"2022-12-01T17:07:18","modified_gmt":"2022-12-01T16:07:18","slug":"page-d-exemple","status":"publish","type":"page","link":"https:\/\/evasionperigourdine.fr\/","title":{"rendered":"Accueil"},"content":{"rendered":"\t\t<div data-elementor-type=\"wp-page\" data-elementor-id=\"2\" class=\"elementor elementor-2\">\n\t\t\t\t\t\t<section class=\"elementor-section elementor-top-section elementor-element elementor-element-fbaa5c3 elementor-section-stretched elementor-section-boxed elementor-section-height-default elementor-section-height-default wpr-particle-no wpr-jarallax-no wpr-parallax-no wpr-sticky-section-no\" data-id=\"fbaa5c3\" data-element_type=\"section\" data-e-type=\"section\" data-settings=\"{&quot;stretch_section&quot;:&quot;section-stretched&quot;}\">\n\t\t\t\t\t\t<div class=\"elementor-container elementor-column-gap-default\">\n\t\t\t\t\t<div class=\"elementor-column elementor-col-100 elementor-top-column elementor-element elementor-element-ab7b754\" data-id=\"ab7b754\" data-element_type=\"column\" data-e-type=\"column\">\n\t\t\t<div class=\"elementor-widget-wrap elementor-element-populated\">\n\t\t\t\t\t\t<div class=\"elementor-element elementor-element-d8503a0 elementor-widget elementor-widget-text-editor\" data-id=\"d8503a0\" data-element_type=\"widget\" data-e-type=\"widget\" data-widget_type=\"text-editor.default\">\n\t\t\t\t<div class=\"elementor-widget-container\">\n\t\t\t\t\t\t\t\t\t<p>Id\u00e9alement situ\u00e9, vous serez \u00e0 moins de 15 minutes en voiture de Sarlat, 10 minutes de la Dordogne, et moins d\u2019une demi-heure de tous les lieux touristiques pour d\u00e9couvrir notre belle r\u00e9gion qu&rsquo;est le P\u00e9rigord Noir.<\/p>\t\t\t\t\t\t\t\t<\/div>\n\t\t\t\t<\/div>\n\t\t\t\t\t<\/div>\n\t\t<\/div>\n\t\t\t\t\t<\/div>\n\t\t<\/section>\n\t\t\t\t<section class=\"elementor-section elementor-top-section elementor-element elementor-element-ec57fe2 elementor-section-full_width elementor-section-stretched elementor-section-height-default elementor-section-height-default wpr-particle-no wpr-jarallax-no wpr-parallax-no wpr-sticky-section-no\" data-id=\"ec57fe2\" data-element_type=\"section\" data-e-type=\"section\" data-settings=\"{&quot;stretch_section&quot;:&quot;section-stretched&quot;}\">\n\t\t\t\t\t\t<div class=\"elementor-container elementor-column-gap-default\">\n\t\t\t\t\t<div class=\"elementor-column elementor-col-100 elementor-top-column elementor-element elementor-element-7e6fd46\" data-id=\"7e6fd46\" data-element_type=\"column\" data-e-type=\"column\">\n\t\t\t<div class=\"elementor-widget-wrap elementor-element-populated\">\n\t\t\t\t\t\t<section class=\"elementor-section elementor-inner-section elementor-element elementor-element-2594e60 elementor-section-boxed elementor-section-height-default elementor-section-height-default wpr-particle-no wpr-jarallax-no wpr-parallax-no wpr-sticky-section-no\" data-id=\"2594e60\" data-element_type=\"section\" data-e-type=\"section\">\n\t\t\t\t\t\t<div class=\"elementor-container elementor-column-gap-default\">\n\t\t\t\t\t<div class=\"elementor-column elementor-col-50 elementor-inner-column elementor-element elementor-element-bf794fb\" data-id=\"bf794fb\" data-element_type=\"column\" data-e-type=\"column\">\n\t\t\t<div class=\"elementor-widget-wrap elementor-element-populated\">\n\t\t\t\t\t\t<div class=\"elementor-element elementor-element-87e7f79 elementor-pagination-position-outside elementor-widget elementor-widget-image-carousel\" data-id=\"87e7f79\" data-element_type=\"widget\" data-e-type=\"widget\" data-settings=\"{&quot;slides_to_show&quot;:&quot;1&quot;,&quot;navigation&quot;:&quot;dots&quot;,&quot;autoplay&quot;:&quot;yes&quot;,&quot;pause_on_hover&quot;:&quot;yes&quot;,&quot;pause_on_interaction&quot;:&quot;yes&quot;,&quot;autoplay_speed&quot;:5000,&quot;infinite&quot;:&quot;yes&quot;,&quot;effect&quot;:&quot;slide&quot;,&quot;speed&quot;:500}\" data-widget_type=\"image-carousel.default\">\n\t\t\t\t<div class=\"elementor-widget-container\">\n\t\t\t\t\t\t\t<div class=\"elementor-image-carousel-wrapper swiper\" role=\"region\" aria-roledescription=\"carousel\" aria-label=\"Carrousel d\u2019images\" dir=\"ltr\">\n\t\t\t<div class=\"elementor-image-carousel swiper-wrapper\" aria-live=\"off\">\n\t\t\t\t\t\t\t\t<div class=\"swiper-slide\" role=\"group\" aria-roledescription=\"slide\" aria-label=\"1 sur 2\"><figure class=\"swiper-slide-inner\"><img decoding=\"async\" class=\"swiper-slide-image\" src=\"https:\/\/i0.wp.com\/evasionperigourdine.fr\/wp-content\/uploads\/2022\/11\/SALLE-PETIT-DEJEUNER1.jpg?resize=600%2C320&amp;ssl=1\" alt=\"SALLE-PETIT-DEJEUNER1\" \/><\/figure><\/div><div class=\"swiper-slide\" role=\"group\" aria-roledescription=\"slide\" aria-label=\"2 sur 2\"><figure class=\"swiper-slide-inner\"><img decoding=\"async\" class=\"swiper-slide-image\" src=\"https:\/\/i0.wp.com\/evasionperigourdine.fr\/wp-content\/uploads\/2022\/11\/298728044.jpg?resize=950%2C320&amp;ssl=1\" alt=\"298728044\" \/><\/figure><\/div>\t\t\t<\/div>\n\t\t\t\t\t\t\t\n\t\t\t\t\t\t\t\t\t<div class=\"swiper-pagination\"><\/div>\n\t\t\t\t\t\t\t\t\t<\/div>\n\t\t\t\t\t\t<\/div>\n\t\t\t\t<\/div>\n\t\t\t\t\t<\/div>\n\t\t<\/div>\n\t\t\t\t<div class=\"elementor-column elementor-col-50 elementor-inner-column elementor-element elementor-element-5a73ed2\" data-id=\"5a73ed2\" data-element_type=\"column\" data-e-type=\"column\">\n\t\t\t<div class=\"elementor-widget-wrap elementor-element-populated\">\n\t\t\t\t\t\t<div class=\"elementor-element elementor-element-298f6f2 elementor-widget elementor-widget-heading\" data-id=\"298f6f2\" data-element_type=\"widget\" data-e-type=\"widget\" data-widget_type=\"heading.default\">\n\t\t\t\t<div class=\"elementor-widget-container\">\n\t\t\t\t\t<h1 class=\"elementor-heading-title elementor-size-default\">Un g\u00eete d'exception<\/h1>\t\t\t\t<\/div>\n\t\t\t\t<\/div>\n\t\t\t\t<div class=\"elementor-element elementor-element-d92e059 elementor-widget elementor-widget-text-editor\" data-id=\"d92e059\" data-element_type=\"widget\" data-e-type=\"widget\" data-widget_type=\"text-editor.default\">\n\t\t\t\t<div class=\"elementor-widget-container\">\n\t\t\t\t\t\t\t\t\tRetrouvez-vous dans ce g\u00eete, jusqu&rsquo;\u00e0 8 personnes maximum sous un seul toit, mais s\u00e9journez dans 4 suites privatives ! Le juste \u00e9quilibre entre convivialit\u00e9 et intimit\u00e9&#8230;\t\t\t\t\t\t\t\t<\/div>\n\t\t\t\t<\/div>\n\t\t\t\t\t<\/div>\n\t\t<\/div>\n\t\t\t\t\t<\/div>\n\t\t<\/section>\n\t\t\t\t<section class=\"elementor-section elementor-inner-section elementor-element elementor-element-cd3f2ef elementor-section-boxed elementor-section-height-default elementor-section-height-default wpr-particle-no wpr-jarallax-no wpr-parallax-no wpr-sticky-section-no\" data-id=\"cd3f2ef\" data-element_type=\"section\" data-e-type=\"section\">\n\t\t\t\t\t\t<div class=\"elementor-container elementor-column-gap-default\">\n\t\t\t\t\t<div class=\"elementor-column elementor-col-50 elementor-inner-column elementor-element elementor-element-14d746e\" data-id=\"14d746e\" data-element_type=\"column\" data-e-type=\"column\">\n\t\t\t<div class=\"elementor-widget-wrap elementor-element-populated\">\n\t\t\t\t\t\t<div class=\"elementor-element elementor-element-b802b35 elementor-widget elementor-widget-text-editor\" data-id=\"b802b35\" data-element_type=\"widget\" data-e-type=\"widget\" data-widget_type=\"text-editor.default\">\n\t\t\t\t<div class=\"elementor-widget-container\">\n\t\t\t\t\t\t\t\t\t<h1>Ses ext\u00e9rieurs<\/h1><p>Vous profiterez d&rsquo;une piscine-couloir de nage, d&rsquo;un spa et d&rsquo;un pool house, le tout sur parc de plus d&rsquo;un hectar nous permettant d&rsquo;y vivre \u00e9galement.<\/p><div>\u00a0<\/div>\t\t\t\t\t\t\t\t<\/div>\n\t\t\t\t<\/div>\n\t\t\t\t\t<\/div>\n\t\t<\/div>\n\t\t\t\t<div class=\"elementor-column elementor-col-50 elementor-inner-column elementor-element elementor-element-15310c8\" data-id=\"15310c8\" data-element_type=\"column\" data-e-type=\"column\">\n\t\t\t<div class=\"elementor-widget-wrap elementor-element-populated\">\n\t\t\t\t\t\t<div class=\"elementor-element elementor-element-0e7cc29 elementor-pagination-position-outside elementor-widget elementor-widget-image-carousel\" data-id=\"0e7cc29\" data-element_type=\"widget\" data-e-type=\"widget\" data-settings=\"{&quot;slides_to_show&quot;:&quot;1&quot;,&quot;navigation&quot;:&quot;dots&quot;,&quot;autoplay&quot;:&quot;yes&quot;,&quot;pause_on_hover&quot;:&quot;yes&quot;,&quot;pause_on_interaction&quot;:&quot;yes&quot;,&quot;autoplay_speed&quot;:5000,&quot;infinite&quot;:&quot;yes&quot;,&quot;effect&quot;:&quot;slide&quot;,&quot;speed&quot;:500}\" data-widget_type=\"image-carousel.default\">\n\t\t\t\t<div class=\"elementor-widget-container\">\n\t\t\t\t\t\t\t<div class=\"elementor-image-carousel-wrapper swiper\" role=\"region\" aria-roledescription=\"carousel\" aria-label=\"Carrousel d\u2019images\" dir=\"ltr\">\n\t\t\t<div class=\"elementor-image-carousel swiper-wrapper\" aria-live=\"off\">\n\t\t\t\t\t\t\t\t<div class=\"swiper-slide\" role=\"group\" aria-roledescription=\"slide\" aria-label=\"1 sur 3\"><figure class=\"swiper-slide-inner\"><img decoding=\"async\" class=\"swiper-slide-image\" src=\"https:\/\/i0.wp.com\/evasionperigourdine.fr\/wp-content\/uploads\/2022\/11\/unnamed.jpg?resize=360%2C320&amp;ssl=1\" alt=\"unnamed\" \/><\/figure><\/div><div class=\"swiper-slide\" role=\"group\" aria-roledescription=\"slide\" aria-label=\"2 sur 3\"><figure class=\"swiper-slide-inner\"><img decoding=\"async\" class=\"swiper-slide-image\" src=\"https:\/\/i0.wp.com\/evasionperigourdine.fr\/wp-content\/uploads\/2022\/11\/DSC_0141.jpg?resize=950%2C320&amp;ssl=1\" alt=\"DSC_0141\" \/><\/figure><\/div><div class=\"swiper-slide\" role=\"group\" aria-roledescription=\"slide\" aria-label=\"3 sur 3\"><figure class=\"swiper-slide-inner\"><img decoding=\"async\" class=\"swiper-slide-image\" src=\"https:\/\/i0.wp.com\/evasionperigourdine.fr\/wp-content\/uploads\/2022\/11\/IMG-20221017-WA0004.jpg?resize=950%2C320&amp;ssl=1\" alt=\"IMG-20221017-WA0004\" \/><\/figure><\/div>\t\t\t<\/div>\n\t\t\t\t\t\t\t\n\t\t\t\t\t\t\t\t\t<div class=\"swiper-pagination\"><\/div>\n\t\t\t\t\t\t\t\t\t<\/div>\n\t\t\t\t\t\t<\/div>\n\t\t\t\t<\/div>\n\t\t\t\t\t<\/div>\n\t\t<\/div>\n\t\t\t\t\t<\/div>\n\t\t<\/section>\n\t\t\t\t<section class=\"elementor-section elementor-inner-section elementor-element elementor-element-2187779 elementor-section-boxed elementor-section-height-default elementor-section-height-default wpr-particle-no wpr-jarallax-no wpr-parallax-no wpr-sticky-section-no\" data-id=\"2187779\" data-element_type=\"section\" data-e-type=\"section\">\n\t\t\t\t\t\t<div class=\"elementor-container elementor-column-gap-default\">\n\t\t\t\t\t<div class=\"elementor-column elementor-col-50 elementor-inner-column elementor-element elementor-element-2a27852\" data-id=\"2a27852\" data-element_type=\"column\" data-e-type=\"column\">\n\t\t\t<div class=\"elementor-widget-wrap elementor-element-populated\">\n\t\t\t\t\t\t<div class=\"elementor-element elementor-element-a670a11 elementor-widget elementor-widget-image\" data-id=\"a670a11\" data-element_type=\"widget\" data-e-type=\"widget\" data-widget_type=\"image.default\">\n\t\t\t\t<div class=\"elementor-widget-container\">\n\t\t\t\t\t\t\t\t\t\t\t\t\t\t\t<img fetchpriority=\"high\" decoding=\"async\" width=\"225\" height=\"300\" src=\"https:\/\/i0.wp.com\/evasionperigourdine.fr\/wp-content\/uploads\/2022\/11\/WhatsApp-Image-2022-05-29-at-4.04.38-PM-2.jpeg?fit=225%2C300&amp;ssl=1\" class=\"attachment-medium size-medium wp-image-143\" alt=\"Alexandre, Marie-Claire et Syska\" srcset=\"https:\/\/i0.wp.com\/evasionperigourdine.fr\/wp-content\/uploads\/2022\/11\/WhatsApp-Image-2022-05-29-at-4.04.38-PM-2.jpeg?w=1077&amp;ssl=1 1077w, https:\/\/i0.wp.com\/evasionperigourdine.fr\/wp-content\/uploads\/2022\/11\/WhatsApp-Image-2022-05-29-at-4.04.38-PM-2.jpeg?resize=225%2C300&amp;ssl=1 225w, https:\/\/i0.wp.com\/evasionperigourdine.fr\/wp-content\/uploads\/2022\/11\/WhatsApp-Image-2022-05-29-at-4.04.38-PM-2.jpeg?resize=769%2C1024&amp;ssl=1 769w, https:\/\/i0.wp.com\/evasionperigourdine.fr\/wp-content\/uploads\/2022\/11\/WhatsApp-Image-2022-05-29-at-4.04.38-PM-2.jpeg?resize=768%2C1023&amp;ssl=1 768w, https:\/\/i0.wp.com\/evasionperigourdine.fr\/wp-content\/uploads\/2022\/11\/WhatsApp-Image-2022-05-29-at-4.04.38-PM-2.jpeg?resize=600%2C799&amp;ssl=1 600w\" sizes=\"100vw\" \/>\t\t\t\t\t\t\t\t\t\t\t\t\t\t\t<\/div>\n\t\t\t\t<\/div>\n\t\t\t\t\t<\/div>\n\t\t<\/div>\n\t\t\t\t<div class=\"elementor-column elementor-col-50 elementor-inner-column elementor-element elementor-element-dbab0de\" data-id=\"dbab0de\" data-element_type=\"column\" data-e-type=\"column\">\n\t\t\t<div class=\"elementor-widget-wrap elementor-element-populated\">\n\t\t\t\t\t\t<div class=\"elementor-element elementor-element-1bf8376 elementor-widget elementor-widget-heading\" data-id=\"1bf8376\" data-element_type=\"widget\" data-e-type=\"widget\" data-widget_type=\"heading.default\">\n\t\t\t\t<div class=\"elementor-widget-container\">\n\t\t\t\t\t<h2 class=\"elementor-heading-title elementor-size-default\">Un petit mot sur les Propri\u00e9taires<\/h2>\t\t\t\t<\/div>\n\t\t\t\t<\/div>\n\t\t\t\t<div class=\"elementor-element elementor-element-d5daced elementor-widget elementor-widget-text-editor\" data-id=\"d5daced\" data-element_type=\"widget\" data-e-type=\"widget\" data-widget_type=\"text-editor.default\">\n\t\t\t\t<div class=\"elementor-widget-container\">\n\t\t\t\t\t\t\t\t\t<p>Tous les deux infirmiers, nous aspirons \u00e0 prendre soins des autres autrement. Recevoir est vite devenue une \u00e9vidence pour nous. Nous avons alors cherch\u00e9 notre territoire de pr\u00e9dilection. Le P\u00e9rigord Noir a tout de suite \u00e9t\u00e9 notre coup de foudre, pour ses paysages magnifiques et la diversit\u00e9 des activit\u00e9s qu&rsquo;il offre. Nous nous y sommes install\u00e9s en 2021. <strong>Syska<\/strong>, notre chienne est venue agrandir la famille. Tout comme nous, elle est ravie de vous accueillir, mais <strong>souhaite rester Reine du Domaine<\/strong>. Alexandre sera l&rsquo;interlocuteur privil\u00e9gi\u00e9 pour parler anglais.<\/p>\t\t\t\t\t\t\t\t<\/div>\n\t\t\t\t<\/div>\n\t\t\t\t\t<\/div>\n\t\t<\/div>\n\t\t\t\t\t<\/div>\n\t\t<\/section>\n\t\t\t\t\t<\/div>\n\t\t<\/div>\n\t\t\t\t\t<\/div>\n\t\t<\/section>\n\t\t\t\t<\/div>\n\t\t","protected":false},"excerpt":{"rendered":"<p>Id\u00e9alement situ\u00e9, vous serez \u00e0 moins de 15 minutes en voiture de Sarlat, 10 minutes de la Dordogne, et moins d\u2019une demi-heure de tous les lieux touristiques pour d\u00e9couvrir notre belle r\u00e9gion qu&rsquo;est le P\u00e9rigord Noir. Un g\u00eete d&rsquo;exception Retrouvez-vous dans ce g\u00eete, jusqu&rsquo;\u00e0 8 personnes maximum sous un seul toit, mais s\u00e9journez dans 4 suites privatives ! Le juste \u00e9quilibre entre convivialit\u00e9 et intimit\u00e9&#8230; Ses ext\u00e9rieurs Vous profiterez d&rsquo;une piscine-couloir de nage, d&rsquo;un spa et d&rsquo;un pool house, le tout sur parc de plus d&rsquo;un hectar nous permettant d&rsquo;y vivre \u00e9galement. \u00a0 Un petit mot sur les Propri\u00e9taires Tous les deux infirmiers, nous aspirons \u00e0 prendre soins des autres autrement. Recevoir est vite devenue une \u00e9vidence pour nous. Nous avons alors cherch\u00e9 notre territoire de pr\u00e9dilection. Le P\u00e9rigord Noir a tout de suite \u00e9t\u00e9 notre coup de foudre, pour ses paysages magnifiques et la diversit\u00e9 des activit\u00e9s qu&rsquo;il offre. Nous nous y sommes install\u00e9s en 2021. Syska, notre chienne est venue agrandir la famille. Tout comme nous, elle est ravie de vous accueillir, mais souhaite rester Reine du Domaine. Alexandre sera l&rsquo;interlocuteur privil\u00e9gi\u00e9 pour parler anglais.<\/p>\n","protected":false},"author":1,"featured_media":0,"parent":0,"menu_order":0,"comment_status":"closed","ping_status":"open","template":"","meta":{"inspiro_hide_title":false,"footnotes":""},"class_list":["post-2","page","type-page","status-publish","hentry"],"yoast_head":"<!-- This site is optimized with the Yoast SEO plugin v21.8.1 - https:\/\/yoast.com\/wordpress\/plugins\/seo\/ -->\n<title>Accueil - L&#039;\u00c9vasion P\u00e9rigourdine<\/title>\n<meta name=\"robots\" content=\"index, follow, max-snippet:-1, max-image-preview:large, max-video-preview:-1\" \/>\n<link rel=\"canonical\" href=\"https:\/\/evasionperigourdine.fr\/\" \/>\n<meta property=\"og:locale\" content=\"fr_FR\" \/>\n<meta property=\"og:type\" content=\"article\" \/>\n<meta property=\"og:title\" content=\"Accueil - L&#039;\u00c9vasion P\u00e9rigourdine\" \/>\n<meta property=\"og:description\" content=\"Id\u00e9alement situ\u00e9, vous serez \u00e0 moins de 15 minutes en voiture de Sarlat, 10 minutes de la Dordogne, et moins d\u2019une demi-heure de tous les lieux touristiques pour d\u00e9couvrir notre belle r\u00e9gion qu&rsquo;est le P\u00e9rigord Noir. Un g\u00eete d&rsquo;exception Retrouvez-vous dans ce g\u00eete, jusqu&rsquo;\u00e0 8 personnes maximum sous un seul toit, mais s\u00e9journez dans 4 suites privatives ! Le juste \u00e9quilibre entre convivialit\u00e9 et intimit\u00e9&#8230; Ses ext\u00e9rieurs Vous profiterez d&rsquo;une piscine-couloir de nage, d&rsquo;un spa et d&rsquo;un pool house, le tout sur parc de plus d&rsquo;un hectar nous permettant d&rsquo;y vivre \u00e9galement. \u00a0 Un petit mot sur les Propri\u00e9taires Tous les deux infirmiers, nous aspirons \u00e0 prendre soins des autres autrement. Recevoir est vite devenue une \u00e9vidence pour nous. Nous avons alors cherch\u00e9 notre territoire de pr\u00e9dilection. Le P\u00e9rigord Noir a tout de suite \u00e9t\u00e9 notre coup de foudre, pour ses paysages magnifiques et la diversit\u00e9 des activit\u00e9s qu&rsquo;il offre. Nous nous y sommes install\u00e9s en 2021. Syska, notre chienne est venue agrandir la famille. Tout comme nous, elle est ravie de vous accueillir, mais souhaite rester Reine du Domaine. Alexandre sera l&rsquo;interlocuteur privil\u00e9gi\u00e9 pour parler anglais.\" \/>\n<meta property=\"og:url\" content=\"https:\/\/evasionperigourdine.fr\/\" \/>\n<meta property=\"og:site_name\" content=\"L&#039;\u00c9vasion P\u00e9rigourdine\" \/>\n<meta property=\"article:modified_time\" content=\"2022-12-01T16:07:18+00:00\" \/>\n<meta property=\"og:image\" content=\"https:\/\/evasionperigourdine.fr\/wp-content\/uploads\/2022\/11\/SALLE-PETIT-DEJEUNER1-600x320.jpg\" \/>\n<meta name=\"twitter:card\" content=\"summary_large_image\" \/>\n<meta name=\"twitter:label1\" content=\"Dur\u00e9e de lecture estim\u00e9e\" \/>\n\t<meta name=\"twitter:data1\" content=\"1 minute\" \/>\n<script type=\"application\/ld+json\" class=\"yoast-schema-graph\">{\"@context\":\"https:\/\/schema.org\",\"@graph\":[{\"@type\":\"WebPage\",\"@id\":\"https:\/\/evasionperigourdine.fr\/\",\"url\":\"https:\/\/evasionperigourdine.fr\/\",\"name\":\"Accueil - L&#039;\u00c9vasion P\u00e9rigourdine\",\"isPartOf\":{\"@id\":\"https:\/\/evasionperigourdine.fr\/#website\"},\"datePublished\":\"2022-11-07T08:59:27+00:00\",\"dateModified\":\"2022-12-01T16:07:18+00:00\",\"breadcrumb\":{\"@id\":\"https:\/\/evasionperigourdine.fr\/#breadcrumb\"},\"inLanguage\":\"fr-FR\",\"potentialAction\":[{\"@type\":\"ReadAction\",\"target\":[\"https:\/\/evasionperigourdine.fr\/\"]}]},{\"@type\":\"BreadcrumbList\",\"@id\":\"https:\/\/evasionperigourdine.fr\/#breadcrumb\",\"itemListElement\":[{\"@type\":\"ListItem\",\"position\":1,\"name\":\"Accueil\",\"item\":\"https:\/\/evasionperigourdine.fr\/\"},{\"@type\":\"ListItem\",\"position\":2,\"name\":\"Accueil\"}]},{\"@type\":\"WebSite\",\"@id\":\"https:\/\/evasionperigourdine.fr\/#website\",\"url\":\"https:\/\/evasionperigourdine.fr\/\",\"name\":\"L&#039;\u00c9vasion P\u00e9rigourdine\",\"description\":\"G\u00eete de groupe \u2013 Suites \u2013 Piscine \u2013 Spa &amp; Pool House\",\"publisher\":{\"@id\":\"https:\/\/evasionperigourdine.fr\/#organization\"},\"potentialAction\":[{\"@type\":\"SearchAction\",\"target\":{\"@type\":\"EntryPoint\",\"urlTemplate\":\"https:\/\/evasionperigourdine.fr\/?s={search_term_string}\"},\"query-input\":\"required name=search_term_string\"}],\"inLanguage\":\"fr-FR\"},{\"@type\":\"Organization\",\"@id\":\"https:\/\/evasionperigourdine.fr\/#organization\",\"name\":\"L&#039;\u00c9vasion P\u00e9rigourdine\",\"url\":\"https:\/\/evasionperigourdine.fr\/\",\"logo\":{\"@type\":\"ImageObject\",\"inLanguage\":\"fr-FR\",\"@id\":\"https:\/\/evasionperigourdine.fr\/#\/schema\/logo\/image\/\",\"url\":\"https:\/\/i0.wp.com\/evasionperigourdine.fr\/wp-content\/uploads\/2022\/11\/LEvasion-Perigourdine.png?fit=800%2C200&ssl=1\",\"contentUrl\":\"https:\/\/i0.wp.com\/evasionperigourdine.fr\/wp-content\/uploads\/2022\/11\/LEvasion-Perigourdine.png?fit=800%2C200&ssl=1\",\"width\":800,\"height\":200,\"caption\":\"L&#039;\u00c9vasion P\u00e9rigourdine\"},\"image\":{\"@id\":\"https:\/\/evasionperigourdine.fr\/#\/schema\/logo\/image\/\"}}]}<\/script>\n<!-- \/ Yoast SEO plugin. -->","yoast_head_json":{"title":"Accueil - L&#039;\u00c9vasion P\u00e9rigourdine","robots":{"index":"index","follow":"follow","max-snippet":"max-snippet:-1","max-image-preview":"max-image-preview:large","max-video-preview":"max-video-preview:-1"},"canonical":"https:\/\/evasionperigourdine.fr\/","og_locale":"fr_FR","og_type":"article","og_title":"Accueil - L&#039;\u00c9vasion P\u00e9rigourdine","og_description":"Id\u00e9alement situ\u00e9, vous serez \u00e0 moins de 15 minutes en voiture de Sarlat, 10 minutes de la Dordogne, et moins d\u2019une demi-heure de tous les lieux touristiques pour d\u00e9couvrir notre belle r\u00e9gion qu&rsquo;est le P\u00e9rigord Noir. Un g\u00eete d&rsquo;exception Retrouvez-vous dans ce g\u00eete, jusqu&rsquo;\u00e0 8 personnes maximum sous un seul toit, mais s\u00e9journez dans 4 suites privatives ! Le juste \u00e9quilibre entre convivialit\u00e9 et intimit\u00e9&#8230; Ses ext\u00e9rieurs Vous profiterez d&rsquo;une piscine-couloir de nage, d&rsquo;un spa et d&rsquo;un pool house, le tout sur parc de plus d&rsquo;un hectar nous permettant d&rsquo;y vivre \u00e9galement. \u00a0 Un petit mot sur les Propri\u00e9taires Tous les deux infirmiers, nous aspirons \u00e0 prendre soins des autres autrement. Recevoir est vite devenue une \u00e9vidence pour nous. Nous avons alors cherch\u00e9 notre territoire de pr\u00e9dilection. Le P\u00e9rigord Noir a tout de suite \u00e9t\u00e9 notre coup de foudre, pour ses paysages magnifiques et la diversit\u00e9 des activit\u00e9s qu&rsquo;il offre. Nous nous y sommes install\u00e9s en 2021. Syska, notre chienne est venue agrandir la famille. Tout comme nous, elle est ravie de vous accueillir, mais souhaite rester Reine du Domaine. Alexandre sera l&rsquo;interlocuteur privil\u00e9gi\u00e9 pour parler anglais.","og_url":"https:\/\/evasionperigourdine.fr\/","og_site_name":"L&#039;\u00c9vasion P\u00e9rigourdine","article_modified_time":"2022-12-01T16:07:18+00:00","og_image":[{"url":"https:\/\/evasionperigourdine.fr\/wp-content\/uploads\/2022\/11\/SALLE-PETIT-DEJEUNER1-600x320.jpg"}],"twitter_card":"summary_large_image","twitter_misc":{"Dur\u00e9e de lecture estim\u00e9e":"1 minute"},"schema":{"@context":"https:\/\/schema.org","@graph":[{"@type":"WebPage","@id":"https:\/\/evasionperigourdine.fr\/","url":"https:\/\/evasionperigourdine.fr\/","name":"Accueil - L&#039;\u00c9vasion P\u00e9rigourdine","isPartOf":{"@id":"https:\/\/evasionperigourdine.fr\/#website"},"datePublished":"2022-11-07T08:59:27+00:00","dateModified":"2022-12-01T16:07:18+00:00","breadcrumb":{"@id":"https:\/\/evasionperigourdine.fr\/#breadcrumb"},"inLanguage":"fr-FR","potentialAction":[{"@type":"ReadAction","target":["https:\/\/evasionperigourdine.fr\/"]}]},{"@type":"BreadcrumbList","@id":"https:\/\/evasionperigourdine.fr\/#breadcrumb","itemListElement":[{"@type":"ListItem","position":1,"name":"Accueil","item":"https:\/\/evasionperigourdine.fr\/"},{"@type":"ListItem","position":2,"name":"Accueil"}]},{"@type":"WebSite","@id":"https:\/\/evasionperigourdine.fr\/#website","url":"https:\/\/evasionperigourdine.fr\/","name":"L&#039;\u00c9vasion P\u00e9rigourdine","description":"G\u00eete de groupe \u2013 Suites \u2013 Piscine \u2013 Spa &amp; Pool House","publisher":{"@id":"https:\/\/evasionperigourdine.fr\/#organization"},"potentialAction":[{"@type":"SearchAction","target":{"@type":"EntryPoint","urlTemplate":"https:\/\/evasionperigourdine.fr\/?s={search_term_string}"},"query-input":"required name=search_term_string"}],"inLanguage":"fr-FR"},{"@type":"Organization","@id":"https:\/\/evasionperigourdine.fr\/#organization","name":"L&#039;\u00c9vasion P\u00e9rigourdine","url":"https:\/\/evasionperigourdine.fr\/","logo":{"@type":"ImageObject","inLanguage":"fr-FR","@id":"https:\/\/evasionperigourdine.fr\/#\/schema\/logo\/image\/","url":"https:\/\/i0.wp.com\/evasionperigourdine.fr\/wp-content\/uploads\/2022\/11\/LEvasion-Perigourdine.png?fit=800%2C200&ssl=1","contentUrl":"https:\/\/i0.wp.com\/evasionperigourdine.fr\/wp-content\/uploads\/2022\/11\/LEvasion-Perigourdine.png?fit=800%2C200&ssl=1","width":800,"height":200,"caption":"L&#039;\u00c9vasion P\u00e9rigourdine"},"image":{"@id":"https:\/\/evasionperigourdine.fr\/#\/schema\/logo\/image\/"}}]}},"jetpack_sharing_enabled":true,"_links":{"self":[{"href":"https:\/\/evasionperigourdine.fr\/index.php\/wp-json\/wp\/v2\/pages\/2","targetHints":{"allow":["GET"]}}],"collection":[{"href":"https:\/\/evasionperigourdine.fr\/index.php\/wp-json\/wp\/v2\/pages"}],"about":[{"href":"https:\/\/evasionperigourdine.fr\/index.php\/wp-json\/wp\/v2\/types\/page"}],"author":[{"embeddable":true,"href":"https:\/\/evasionperigourdine.fr\/index.php\/wp-json\/wp\/v2\/users\/1"}],"replies":[{"embeddable":true,"href":"https:\/\/evasionperigourdine.fr\/index.php\/wp-json\/wp\/v2\/comments?post=2"}],"version-history":[{"count":194,"href":"https:\/\/evasionperigourdine.fr\/index.php\/wp-json\/wp\/v2\/pages\/2\/revisions"}],"predecessor-version":[{"id":1070,"href":"https:\/\/evasionperigourdine.fr\/index.php\/wp-json\/wp\/v2\/pages\/2\/revisions\/1070"}],"wp:attachment":[{"href":"https:\/\/evasionperigourdine.fr\/index.php\/wp-json\/wp\/v2\/media?parent=2"}],"curies":[{"name":"wp","href":"https:\/\/api.w.org\/{rel}","templated":true}]}}